{"id":1745,"date":"2024-02-14T10:05:44","date_gmt":"2024-02-14T09:05:44","guid":{"rendered":"https:\/\/investingradiska.com\/10-gruende-zur-investierung-in-gradiska\/"},"modified":"2024-03-22T10:42:28","modified_gmt":"2024-03-22T09:42:28","slug":"10-gruende-zur-investierung-in-gradiska","status":"publish","type":"page","link":"https:\/\/www.investingradiska.com\/de\/10-gruende-zur-investierung-in-gradiska\/","title":{"rendered":"10 Gr\u00fcnde zur Investierung in Gradi\u0161ka"},"content":{"rendered":"\t\t<div data-elementor-type=\"wp-page\" data-elementor-id=\"1745\" class=\"elementor elementor-1745 elementor-623\" data-elementor-post-type=\"page\">\n\t\t\t\t\t\t<section class=\"elementor-section elementor-top-section elementor-element elementor-element-4537a9b elementor-section-height-min-height elementor-section-boxed elementor-section-height-default elementor-section-items-middle\" data-id=\"4537a9b\" data-element_type=\"section\" data-e-type=\"section\" data-settings=\"{&quot;background_background&quot;:&quot;classic&quot;}\">\n\t\t\t\t\t\t<div class=\"elementor-container elementor-column-gap-default\">\n\t\t\t\t\t<div class=\"elementor-column elementor-col-100 elementor-top-column elementor-element elementor-element-50b17c8\" data-id=\"50b17c8\" data-element_type=\"column\" data-e-type=\"column\">\n\t\t\t<div class=\"elementor-widget-wrap elementor-element-populated\">\n\t\t\t\t\t\t\t<\/div>\n\t\t<\/div>\n\t\t\t\t\t<\/div>\n\t\t<\/section>\n\t\t\t\t<section class=\"elementor-section elementor-top-section elementor-element elementor-element-f62fb66 elementor-section-boxed elementor-section-height-default elementor-section-height-default\" data-id=\"f62fb66\" data-element_type=\"section\" data-e-type=\"section\">\n\t\t\t\t\t\t\t<div class=\"elementor-background-overlay\"><\/div>\n\t\t\t\t\t\t\t<div class=\"elementor-container elementor-column-gap-no\">\n\t\t\t\t\t<div class=\"elementor-column elementor-col-100 elementor-top-column elementor-element elementor-element-2a3784c\" data-id=\"2a3784c\" data-element_type=\"column\" data-e-type=\"column\">\n\t\t\t<div class=\"elementor-widget-wrap elementor-element-populated\">\n\t\t\t\t\t\t<section class=\"elementor-section elementor-inner-section elementor-element elementor-element-2d0f71e elementor-section-boxed elementor-section-height-default elementor-section-height-default\" data-id=\"2d0f71e\" data-element_type=\"section\" data-e-type=\"section\">\n\t\t\t\t\t\t<div class=\"elementor-container elementor-column-gap-wider\">\n\t\t\t\t\t<div class=\"elementor-column elementor-col-50 elementor-inner-column elementor-element elementor-element-b27f4f6\" data-id=\"b27f4f6\" data-element_type=\"column\" data-e-type=\"column\">\n\t\t\t<div class=\"elementor-widget-wrap elementor-element-populated\">\n\t\t\t\t\t\t<div class=\"elementor-element elementor-element-2fd28b6 elementor-invisible elementor-widget elementor-widget-image\" data-id=\"2fd28b6\" data-element_type=\"widget\" data-e-type=\"widget\" data-settings=\"{&quot;_animation&quot;:&quot;fadeIn&quot;}\" data-widget_type=\"image.default\">\n\t\t\t\t<div class=\"elementor-widget-container\">\n\t\t\t\t\t\t\t\t\t\t\t\t\t\t\t<img fetchpriority=\"high\" decoding=\"async\" width=\"800\" height=\"802\" src=\"https:\/\/www.investingradiska.com\/wp-content\/uploads\/2024\/02\/Mapa-Gradiska-njemacki2000-1021x1024.jpg\" class=\"attachment-large size-large wp-image-1329\" alt=\"\" srcset=\"https:\/\/www.investingradiska.com\/wp-content\/uploads\/2024\/02\/Mapa-Gradiska-njemacki2000-1021x1024.jpg 1021w, https:\/\/www.investingradiska.com\/wp-content\/uploads\/2024\/02\/Mapa-Gradiska-njemacki2000-300x300.jpg 300w, https:\/\/www.investingradiska.com\/wp-content\/uploads\/2024\/02\/Mapa-Gradiska-njemacki2000-150x150.jpg 150w, https:\/\/www.investingradiska.com\/wp-content\/uploads\/2024\/02\/Mapa-Gradiska-njemacki2000-768x770.jpg 768w, https:\/\/www.investingradiska.com\/wp-content\/uploads\/2024\/02\/Mapa-Gradiska-njemacki2000-1531x1536.jpg 1531w, https:\/\/www.investingradiska.com\/wp-content\/uploads\/2024\/02\/Mapa-Gradiska-njemacki2000.jpg 2000w\" sizes=\"(max-width: 800px) 100vw, 800px\" \/>\t\t\t\t\t\t\t\t\t\t\t\t\t\t\t<\/div>\n\t\t\t\t<\/div>\n\t\t\t\t\t<\/div>\n\t\t<\/div>\n\t\t\t\t<div class=\"elementor-column elementor-col-50 elementor-inner-column elementor-element elementor-element-4eb36da elementor-invisible\" data-id=\"4eb36da\" data-element_type=\"column\" data-e-type=\"column\" data-settings=\"{&quot;animation&quot;:&quot;slideInUp&quot;}\">\n\t\t\t<div class=\"elementor-widget-wrap elementor-element-populated\">\n\t\t\t\t\t\t<section class=\"elementor-section elementor-inner-section elementor-element elementor-element-88253fd elementor-section-boxed elementor-section-height-default elementor-section-height-default\" data-id=\"88253fd\" data-element_type=\"section\" data-e-type=\"section\">\n\t\t\t\t\t\t<div class=\"elementor-container elementor-column-gap-no\">\n\t\t\t\t\t<div class=\"elementor-column elementor-col-100 elementor-inner-column elementor-element elementor-element-722660e\" data-id=\"722660e\" data-element_type=\"column\" data-e-type=\"column\">\n\t\t\t<div class=\"elementor-widget-wrap elementor-element-populated\">\n\t\t\t\t\t\t<div class=\"elementor-element elementor-element-f7a9655 elementor-widget__width-auto elementor-widget-divider--view-line elementor-widget elementor-widget-divider\" data-id=\"f7a9655\" data-element_type=\"widget\" data-e-type=\"widget\" data-widget_type=\"divider.default\">\n\t\t\t\t<div class=\"elementor-widget-container\">\n\t\t\t\t\t\t\t<div class=\"elementor-divider\">\n\t\t\t<span class=\"elementor-divider-separator\">\n\t\t\t\t\t\t<\/span>\n\t\t<\/div>\n\t\t\t\t\t\t<\/div>\n\t\t\t\t<\/div>\n\t\t\t\t<div class=\"elementor-element elementor-element-2d36d15 elementor-widget__width-auto elementor-widget elementor-widget-heading\" data-id=\"2d36d15\" data-element_type=\"widget\" data-e-type=\"widget\" data-widget_type=\"heading.default\">\n\t\t\t\t<div class=\"elementor-widget-container\">\n\t\t\t\t\t<span class=\"elementor-heading-title elementor-size-default\">Warum in die Stadt Gradi\u0161ka investieren?<\/span>\t\t\t\t<\/div>\n\t\t\t\t<\/div>\n\t\t\t\t<div class=\"elementor-element elementor-element-7e5a054 elementor-widget elementor-widget-text-editor\" data-id=\"7e5a054\" data-element_type=\"widget\" data-e-type=\"widget\" data-widget_type=\"text-editor.default\">\n\t\t\t\t<div class=\"elementor-widget-container\">\n\t\t\t\t\t\t\t\t\t<p>Top 10 Gr\u00fcnde warum in Gradi\u0161ka zu investieren<\/p>\n\t\t\t\t\t\t\t\t<\/div>\n\t\t\t\t<\/div>\n\t\t\t\t\t<\/div>\n\t\t<\/div>\n\t\t\t\t\t<\/div>\n\t\t<\/section>\n\t\t\t\t<div class=\"elementor-element elementor-element-f0e9db4 elementor-widget elementor-widget-text-editor\" data-id=\"f0e9db4\" data-element_type=\"widget\" data-e-type=\"widget\" data-widget_type=\"text-editor.default\">\n\t\t\t\t<div class=\"elementor-widget-container\">\n\t\t\t\t\t\t\t\t\t<p><span class=\"list-reason\">1. Strategische Lokation an der Grenze zu EU<\/span> \u2013 Die beste geostrategische Lage f\u00fcr Ihre Investierung in ganzen Bosnien und Herzegowina.<\/p>\n\t\t\t\t\t\t\t\t<\/div>\n\t\t\t\t<\/div>\n\t\t\t\t<div class=\"elementor-element elementor-element-9fc3c22 elementor-widget elementor-widget-text-editor\" data-id=\"9fc3c22\" data-element_type=\"widget\" data-e-type=\"widget\" data-widget_type=\"text-editor.default\">\n\t\t\t\t<div class=\"elementor-widget-container\">\n\t\t\t\t\t\t\t\t\t<p><span class=\"list-reason\">2. Zugang zum Markt mit \u00fcber 500 Millionen K\u00e4ufern<\/span> \u2013 Unsere beste Referenz f\u00fcr vorhandene und fremde Investoren. Sie sind unternehmend au\u00dferhalb der gesetzlichen Rahmen von EU,und exportieren in sie.<\/p>\n\t\t\t\t\t\t\t\t<\/div>\n\t\t\t\t<\/div>\n\t\t\t\t<div class=\"elementor-element elementor-element-18e81ee elementor-widget elementor-widget-text-editor\" data-id=\"18e81ee\" data-element_type=\"widget\" data-e-type=\"widget\" data-widget_type=\"text-editor.default\">\n\t\t\t\t<div class=\"elementor-widget-container\">\n\t\t\t\t\t\t\t\t\t<span class=\"list-reason\">3. Der einfache Zugang zu internationalen M\u00e4rkten<\/span> \u2013 (CEFTA, EFTA, ABKOMMEN \u00dcBER FREIHANDEL MIT T\u00dcRKEI)\r\nDie vorteilhafte Verbindung zwischen Osten und Westen, als auch zwischen Norden und S\u00fcden von Europa. Der Knotenpunkt von Gesch\u00e4ftswegen auf der Balkanhalbinsel.\t\t\t\t\t\t\t\t<\/div>\n\t\t\t\t<\/div>\n\t\t\t\t<div class=\"elementor-element elementor-element-ac3be05 elementor-widget elementor-widget-text-editor\" data-id=\"ac3be05\" data-element_type=\"widget\" data-e-type=\"widget\" data-widget_type=\"text-editor.default\">\n\t\t\t\t<div class=\"elementor-widget-container\">\n\t\t\t\t\t\t\t\t\t<span class=\"list-reason\">4. Sicherheit bei der Gesch\u00e4ftst\u00e4tigkeit <\/span> \u2013 Das Abkommen \u00fcber Stabilisierung und Angliederung zwischen\r\nBosnien und Herzegowina und Europ\u00e4ischen Union wird unterschrieben, das die Sicherheit f\u00fcr Ihren Business garantiert.\t\t\t\t\t\t\t\t<\/div>\n\t\t\t\t<\/div>\n\t\t\t\t<div class=\"elementor-element elementor-element-3b12a91 elementor-widget elementor-widget-text-editor\" data-id=\"3b12a91\" data-element_type=\"widget\" data-e-type=\"widget\" data-widget_type=\"text-editor.default\">\n\t\t\t\t<div class=\"elementor-widget-container\">\n\t\t\t\t\t\t\t\t\t<span class=\"list-reason\">5. Der vorteilhafte gesetzliche Rahmen f\u00fcr fremde Investierungen <\/span> \u2013 Der Gewinntransfer wird von der Steuerzahlung befreit. Fremde Investierungen werden von der Zollzahlung der Ausr\u00fcstung, die die Sache der Investierung ist,\r\nbefreit.\t\t\t\t\t\t\t\t<\/div>\n\t\t\t\t<\/div>\n\t\t\t\t<div class=\"elementor-element elementor-element-65e391e elementor-widget elementor-widget-text-editor\" data-id=\"65e391e\" data-element_type=\"widget\" data-e-type=\"widget\" data-widget_type=\"text-editor.default\">\n\t\t\t\t<div class=\"elementor-widget-container\">\n\t\t\t\t\t\t\t\t\t<span class=\"list-reason\">6. Der gr\u00f6\u00dfte Grenz\u00fcbergang in Bosnien und Herzegowina mit \r\ninternationalem Charakter<\/span> \u2013 Mit j\u00e4hrlichem Fahrzeugverkehr von \u00fcber 1.000.000 Personenkraftwagen und 100.000 Lastkraftwagen. Der gr\u00f6\u00dfte Grenz\u00fcbergang in Bosnien und Herzegowina f\u00fcr Warenverkehr von animalischer und pflanzlicher Herkunft.\t\t\t\t\t\t\t\t<\/div>\n\t\t\t\t<\/div>\n\t\t\t\t<div class=\"elementor-element elementor-element-989cdd8 elementor-widget elementor-widget-text-editor\" data-id=\"989cdd8\" data-element_type=\"widget\" data-e-type=\"widget\" data-widget_type=\"text-editor.default\">\n\t\t\t\t<div class=\"elementor-widget-container\">\n\t\t\t\t\t\t\t\t\t<p><span class=\"list-reason\">7. Die niedrigste <a href=\"http:\/\/www.fipa.gov.ba\/informacije\/poslovanje\/porezi\/default.aspx?id=76&amp;langTag=en-US\" target=\"_blank\" rel=\"noopener\">Gewinnsteuer<\/a> in Europa von 10% und Mehrwertsteuer von 17%<\/span> \u2013 bedeutend niedrigere Kosten der Gesch\u00e4ftst\u00e4tigkeit als in EU-L\u00e4ndern.<\/p>\n\t\t\t\t\t\t\t\t<\/div>\n\t\t\t\t<\/div>\n\t\t\t\t<div class=\"elementor-element elementor-element-d3738c5 elementor-widget elementor-widget-text-editor\" data-id=\"d3738c5\" data-element_type=\"widget\" data-e-type=\"widget\" data-widget_type=\"text-editor.default\">\n\t\t\t\t<div class=\"elementor-widget-container\">\n\t\t\t\t\t\t\t\t\t<p><span class=\"list-reason\">8. Kompetitive und qualifizierte Arbeitskraft<\/span> \u2013 Maximal verf\u00fcgbare Arbeitskr\u00e4fte im Bereich der Leichtindustrie, Bearbeitsindustrie und Handwerk.<\/p>\n\t\t\t\t\t\t\t\t<\/div>\n\t\t\t\t<\/div>\n\t\t\t\t<div class=\"elementor-element elementor-element-ae97b5c elementor-widget elementor-widget-text-editor\" data-id=\"ae97b5c\" data-element_type=\"widget\" data-e-type=\"widget\" data-widget_type=\"text-editor.default\">\n\t\t\t\t<div class=\"elementor-widget-container\">\n\t\t\t\t\t\t\t\t\t<span class=\"list-reason\">9. Regulierte Infrastruktur mit ausdr\u00fccklich g\u00fcnstigem Sachaufwand der Gesch\u00e4ftst\u00e4tigkeit<\/span> \u2013 Niedrigere\r\nKosten f\u00fcr die elektrische Energie, Kommunaldienstleistungen, Telekommunikation, Aufbaukosten usw..\t\t\t\t\t\t\t\t<\/div>\n\t\t\t\t<\/div>\n\t\t\t\t<div class=\"elementor-element elementor-element-d5e4dd5 elementor-widget elementor-widget-text-editor\" data-id=\"d5e4dd5\" data-element_type=\"widget\" data-e-type=\"widget\" data-widget_type=\"text-editor.default\">\n\t\t\t\t<div class=\"elementor-widget-container\">\n\t\t\t\t\t\t\t\t\t<span class=\"list-reason\">10. Proaktive und flexible Administration<\/span> \u2013 Proaktive Administration, Eilprozeduren\r\nf\u00fcr die Registrierung von Unternehmen und f\u00fcr die Ausstellung der Bauerlaubnis und anderen Erlaubnissen. Die Unterst\u00fctzung des Zentrums f\u00fcr Investoren.\t\t\t\t\t\t\t\t<\/div>\n\t\t\t\t<\/div>\n\t\t\t\t\t<\/div>\n\t\t<\/div>\n\t\t\t\t\t<\/div>\n\t\t<\/section>\n\t\t\t\t\t<\/div>\n\t\t<\/div>\n\t\t\t\t\t<\/div>\n\t\t<\/section>\n\t\t\t\t<\/div>\n\t\t","protected":false},"excerpt":{"rendered":"<p>Warum in die Stadt Gradi\u0161ka investieren? Top 10 Gr\u00fcnde warum in Gradi\u0161ka zu investieren 1. Strategische Lokation an der Grenze zu EU \u2013 Die beste geostrategische Lage f\u00fcr Ihre Investierung in ganzen Bosnien und Herzegowina. 2. Zugang zum Markt mit \u00fcber 500 Millionen K\u00e4ufern \u2013 Unsere beste Referenz f\u00fcr vorhandene und fremde Investoren. Sie sind [&hellip;]<\/p>\n","protected":false},"author":2,"featured_media":0,"parent":0,"menu_order":0,"comment_status":"closed","ping_status":"closed","template":"","meta":{"footnotes":""},"class_list":["post-1745","page","type-page","status-publish","hentry"],"_links":{"self":[{"href":"https:\/\/www.investingradiska.com\/de\/wp-json\/wp\/v2\/pages\/1745","targetHints":{"allow":["GET"]}}],"collection":[{"href":"https:\/\/www.investingradiska.com\/de\/wp-json\/wp\/v2\/pages"}],"about":[{"href":"https:\/\/www.investingradiska.com\/de\/wp-json\/wp\/v2\/types\/page"}],"author":[{"embeddable":true,"href":"https:\/\/www.investingradiska.com\/de\/wp-json\/wp\/v2\/users\/2"}],"replies":[{"embeddable":true,"href":"https:\/\/www.investingradiska.com\/de\/wp-json\/wp\/v2\/comments?post=1745"}],"version-history":[{"count":6,"href":"https:\/\/www.investingradiska.com\/de\/wp-json\/wp\/v2\/pages\/1745\/revisions"}],"predecessor-version":[{"id":2439,"href":"https:\/\/www.investingradiska.com\/de\/wp-json\/wp\/v2\/pages\/1745\/revisions\/2439"}],"wp:attachment":[{"href":"https:\/\/www.investingradiska.com\/de\/wp-json\/wp\/v2\/media?parent=1745"}],"curies":[{"name":"wp","href":"https:\/\/api.w.org\/{rel}","templated":true}]}}