{"id":1756,"date":"2024-02-13T21:43:37","date_gmt":"2024-02-13T20:43:37","guid":{"rendered":"https:\/\/investingradiska.com\/lokalitaeten-fuer-brownfield-investititonen\/"},"modified":"2024-03-27T12:20:52","modified_gmt":"2024-03-27T11:20:52","slug":"lokalitaeten-fuer-brownfield-investititonen","status":"publish","type":"page","link":"https:\/\/www.investingradiska.com\/de\/lokalitaeten-fuer-brownfield-investititonen\/","title":{"rendered":"Lokalit\u00e4ten f\u00fcr Brownfield-investititonen"},"content":{"rendered":"\t\t<div data-elementor-type=\"wp-page\" data-elementor-id=\"1756\" class=\"elementor elementor-1756 elementor-551\" data-elementor-post-type=\"page\">\n\t\t\t\t\t\t<section class=\"elementor-section elementor-top-section elementor-element elementor-element-6530b52 elementor-section-height-min-height elementor-section-boxed elementor-section-height-default elementor-section-items-middle\" data-id=\"6530b52\" data-element_type=\"section\" data-e-type=\"section\" data-settings=\"{&quot;background_background&quot;:&quot;classic&quot;}\">\n\t\t\t\t\t\t<div class=\"elementor-container elementor-column-gap-default\">\n\t\t\t\t\t<div class=\"elementor-column elementor-col-100 elementor-top-column elementor-element elementor-element-c26fb93\" data-id=\"c26fb93\" data-element_type=\"column\" data-e-type=\"column\">\n\t\t\t<div class=\"elementor-widget-wrap elementor-element-populated\">\n\t\t\t\t\t\t\t<\/div>\n\t\t<\/div>\n\t\t\t\t\t<\/div>\n\t\t<\/section>\n\t\t<div class=\"elementor-element elementor-element-a76fc0a e-flex e-con-boxed e-con e-parent\" data-id=\"a76fc0a\" data-element_type=\"container\" data-e-type=\"container\">\n\t\t\t\t\t<div class=\"e-con-inner\">\n\t\t\t\t<div class=\"elementor-element elementor-element-80d24c3 elementor-widget elementor-widget-text-editor\" data-id=\"80d24c3\" data-element_type=\"widget\" data-e-type=\"widget\" data-widget_type=\"text-editor.default\">\n\t\t\t\t<div class=\"elementor-widget-container\">\n\t\t\t\t\t\t\t\t\t<h3>\u201cPOSLOVNA ZGRADA\u201d<\/h3>\n<pre id=\"tw-target-text\" class=\"tw-data-text tw-text-large tw-ta\" dir=\"ltr\" data-placeholder=\"\u041f\u0440\u0435\u0432\u043e\u0434\" aria-label=\"\u041f\u0440\u0435\u0432\u0435\u0434\u0435\u043d\u0438 \u0442\u0435\u043a\u0441\u0442\" data-ved=\"2ahUKEwjTzIKip5SFAxW5g_0HHbZdCDMQ3ewLegQIBRAU\"><span class=\"Y2IQFc\" lang=\"de\"><strong>Standort:<\/strong> Die Anlage befindet sich in Nova Topola, an der Hauptstra\u00dfe, die Gradi\u0161ka mit der Gemeinde Srbac verbindet. Die Anlage liegt 7 km von der Autobahn Gradi\u0161ka \u2013 Banja Luka und 11 km vom Grenz\u00fcbergang Bosnien und Herzegowina \u2013 Republik Kroatien entfernt.\r\n\r\n<strong>Grundst\u00fccks-\/Geb\u00e4udefl\u00e4che:<\/strong> Geb\u00e4udefl\u00e4che: 1.440 m\u00b2; 4 Etagen (jede Etage - 360 m\u00b2), 8 Gesch\u00e4ftsr\u00e4ume, 1 komplett m\u00f6bliert. Baujahr: 1970. Bauart: kleine Ziegel und Bl\u00f6cke.\r\n\r\n<strong>Infrastruktur:<\/strong> Wasser, Abwasser, Strom, Beleuchtung, Telefon, Internet, Zufahrtsstra\u00dfe, Parkplatz.<\/span><\/pre>\n\t\t\t\t\t\t\t\t<\/div>\n\t\t\t\t<\/div>\n\t\t<div class=\"elementor-element elementor-element-9fd4095 e-flex e-con-boxed e-con e-child\" data-id=\"9fd4095\" data-element_type=\"container\" data-e-type=\"container\">\n\t\t\t\t\t<div class=\"e-con-inner\">\n\t\t<div class=\"elementor-element elementor-element-edf93ab e-flex e-con-boxed e-con e-child\" data-id=\"edf93ab\" data-element_type=\"container\" data-e-type=\"container\">\n\t\t\t\t\t<div class=\"e-con-inner\">\n\t\t\t\t<div class=\"elementor-element elementor-element-0636edf elementor-widget__width-initial elementor--h-position-center elementor--v-position-middle elementor-arrows-position-inside elementor-pagination-position-inside elementor-widget elementor-widget-slides\" data-id=\"0636edf\" data-element_type=\"widget\" data-e-type=\"widget\" data-settings=\"{&quot;navigation&quot;:&quot;both&quot;,&quot;autoplay&quot;:&quot;yes&quot;,&quot;pause_on_hover&quot;:&quot;yes&quot;,&quot;pause_on_interaction&quot;:&quot;yes&quot;,&quot;autoplay_speed&quot;:5000,&quot;infinite&quot;:&quot;yes&quot;,&quot;transition&quot;:&quot;slide&quot;,&quot;transition_speed&quot;:500}\" data-widget_type=\"slides.default\">\n\t\t\t\t<div class=\"elementor-widget-container\">\n\t\t\t\t\t\t\t\t\t<div class=\"elementor-swiper\">\n\t\t\t\t\t<div class=\"elementor-slides-wrapper elementor-main-swiper swiper\" role=\"region\" aria-roledescription=\"carousel\" aria-label=\"Slider\" dir=\"ltr\" data-animation=\"fadeInUp\">\n\t\t\t\t<div class=\"swiper-wrapper elementor-slides\">\n\t\t\t\t\t\t\t\t\t\t<div class=\"elementor-repeater-item-4159038 swiper-slide\" role=\"group\" aria-roledescription=\"slide\"><div class=\"swiper-slide-bg\" role=\"img\" aria-label=\"image3\"><\/div><div class=\"swiper-slide-inner\" ><div class=\"swiper-slide-contents\"><\/div><\/div><\/div><div class=\"elementor-repeater-item-1b6dd94 swiper-slide\" role=\"group\" aria-roledescription=\"slide\"><div class=\"swiper-slide-bg\" role=\"img\" aria-label=\"image5\"><\/div><div class=\"swiper-slide-inner\" ><div class=\"swiper-slide-contents\"><\/div><\/div><\/div><div class=\"elementor-repeater-item-a8baf5e swiper-slide\" role=\"group\" aria-roledescription=\"slide\"><div class=\"swiper-slide-bg\" role=\"img\" aria-label=\"image2\"><\/div><div class=\"swiper-slide-inner\" ><div class=\"swiper-slide-contents\"><\/div><\/div><\/div><div class=\"elementor-repeater-item-d91f90a swiper-slide\" role=\"group\" aria-roledescription=\"slide\"><div class=\"swiper-slide-bg\" role=\"img\" aria-label=\"image4\"><\/div><div class=\"swiper-slide-inner\" ><div class=\"swiper-slide-contents\"><\/div><\/div><\/div>\t\t\t\t<\/div>\n\t\t\t\t\t\t\t\t\t\t\t\t\t\t\t<div class=\"elementor-swiper-button elementor-swiper-button-prev\" role=\"button\" tabindex=\"0\" aria-label=\"Vorheriger Slide\">\n\t\t\t\t\t\t\t<svg aria-hidden=\"true\" class=\"e-font-icon-svg e-eicon-chevron-left\" viewBox=\"0 0 1000 1000\" xmlns=\"http:\/\/www.w3.org\/2000\/svg\"><path d=\"M646 125C629 125 613 133 604 142L308 442C296 454 292 471 292 487 292 504 296 521 308 533L604 854C617 867 629 875 646 875 663 875 679 871 692 858 704 846 713 829 713 812 713 796 708 779 692 767L438 487 692 225C700 217 708 204 708 187 708 171 704 154 692 142 675 129 663 125 646 125Z\"><\/path><\/svg>\t\t\t\t\t\t<\/div>\n\t\t\t\t\t\t<div class=\"elementor-swiper-button elementor-swiper-button-next\" role=\"button\" tabindex=\"0\" aria-label=\"N\u00e4chster Slide\">\n\t\t\t\t\t\t\t<svg aria-hidden=\"true\" class=\"e-font-icon-svg e-eicon-chevron-right\" viewBox=\"0 0 1000 1000\" xmlns=\"http:\/\/www.w3.org\/2000\/svg\"><path d=\"M696 533C708 521 713 504 713 487 713 471 708 454 696 446L400 146C388 133 375 125 354 125 338 125 325 129 313 142 300 154 292 171 292 187 292 204 296 221 308 233L563 492 304 771C292 783 288 800 288 817 288 833 296 850 308 863 321 871 338 875 354 875 371 875 388 867 400 854L696 533Z\"><\/path><\/svg>\t\t\t\t\t\t<\/div>\n\t\t\t\t\t\t\t\t\t\t\t\t\t\t\t\t<div class=\"swiper-pagination\"><\/div>\n\t\t\t\t\t\t\t\t\t\t\t\t<\/div>\n\t\t\t\t<\/div>\n\t\t\t\t\t\t\t\t<\/div>\n\t\t\t\t<\/div>\n\t\t<div class=\"elementor-element elementor-element-ec065e0 e-con-full e-flex e-con e-child\" data-id=\"ec065e0\" data-element_type=\"container\" data-e-type=\"container\">\n\t\t\t\t<div class=\"elementor-element elementor-element-377efbb elementor-widget elementor-widget-text-editor\" data-id=\"377efbb\" data-element_type=\"widget\" data-e-type=\"widget\" data-widget_type=\"text-editor.default\">\n\t\t\t\t<div class=\"elementor-widget-container\">\n\t\t\t\t\t\t\t\t\t<p><strong>Eigentum:<\/strong> Privat<\/p>\n<p><strong>Dokumentation:<\/strong> Die notwendigen Arbeitsgenehmigungen werden vom Bezirkshandelsgericht Banja Luka ausgestellt. Die st\u00e4dtebauliche Genehmigung f\u00fcr die Arbeiten und die Baugenehmigung werden von der Stadt Gradi\u0161ka erteilt<\/p>\n<p><strong>Investitionsm\u00f6glichkeiten:<\/strong> Mieten<\/p>\n<p><strong>Geeignete Nutzung:<\/strong> R\u00e4ume f\u00fcr B\u00fcros, Praxen, Boutiquen.<\/p>\n<p><strong>Kontaktinformationen:<\/strong> Rajko \u017dmiri\u0107, +387 65 596 715, topletnt@yahoo.com<\/p>\n<p><strong>Adresse:<\/strong> Srbacki put bb, Nova Topola, Gradi\u0161ka<\/p>\n\t\t\t\t\t\t\t\t<\/div>\n\t\t\t\t<\/div>\n\t\t\t\t<\/div>\n\t\t\t\t\t<\/div>\n\t\t\t\t<\/div>\n\t\t\t\t\t<\/div>\n\t\t\t\t<\/div>\n\t\t\t\t\t<\/div>\n\t\t\t\t<\/div>\n\t\t<div class=\"elementor-element elementor-element-b46a5d1 e-flex e-con-boxed e-con e-parent\" data-id=\"b46a5d1\" data-element_type=\"container\" data-e-type=\"container\">\n\t\t\t\t\t<div class=\"e-con-inner\">\n\t\t\t\t<div class=\"elementor-element elementor-element-61e5b55 elementor-widget elementor-widget-text-editor\" data-id=\"61e5b55\" data-element_type=\"widget\" data-e-type=\"widget\" data-widget_type=\"text-editor.default\">\n\t\t\t\t<div class=\"elementor-widget-container\">\n\t\t\t\t\t\t\t\t\t<h3>RAUM DES EHEMALIGEN STANDARDS<\/h3>\n<p><strong>Standort:<\/strong> Das Geb\u00e4ude befindet sich in der Siedlung Obradovac. Es ist 6 km von der Autobahn Gradi\u0161ka &#8211; Banja Luka und 1,5 km vom Grenz\u00fcbergang Bosnien und Herzegowina &#8211; Republik Kroatien entfernt.<\/p>\n<p><strong>Grundst\u00fccks-\/Geb\u00e4udefl\u00e4che:<\/strong> Geb\u00e4udefl\u00e4che: ca. 2000 m\u00b2. Bauart: kleiner Ziegelstein. Fl\u00e4che des zweiten Geb\u00e4udes, geeignet f\u00fcr ein Einkaufszentrum: ca. 2500 m\u00b2, (das Geb\u00e4ude liegt neben der Hauptstra\u00dfe).<\/p>\n<p><strong>Infrastruktur:<\/strong> Wasser, Sanit\u00e4ranlagen, Abwasser, Strom, Beleuchtung, Telefon, Internet, Zufahrtsstra\u00dfe, Parkplatz&#8230;<\/p>\n\t\t\t\t\t\t\t\t<\/div>\n\t\t\t\t<\/div>\n\t\t<div class=\"elementor-element elementor-element-97b0428 e-flex e-con-boxed e-con e-child\" data-id=\"97b0428\" data-element_type=\"container\" data-e-type=\"container\">\n\t\t\t\t\t<div class=\"e-con-inner\">\n\t\t<div class=\"elementor-element elementor-element-8ecb16f e-flex e-con-boxed e-con e-child\" data-id=\"8ecb16f\" data-element_type=\"container\" data-e-type=\"container\">\n\t\t\t\t\t<div class=\"e-con-inner\">\n\t\t\t\t<div class=\"elementor-element elementor-element-71449ad elementor-widget__width-initial elementor--h-position-center elementor--v-position-middle elementor-arrows-position-inside elementor-pagination-position-inside elementor-widget elementor-widget-slides\" data-id=\"71449ad\" data-element_type=\"widget\" data-e-type=\"widget\" data-settings=\"{&quot;navigation&quot;:&quot;both&quot;,&quot;autoplay&quot;:&quot;yes&quot;,&quot;pause_on_hover&quot;:&quot;yes&quot;,&quot;pause_on_interaction&quot;:&quot;yes&quot;,&quot;autoplay_speed&quot;:5000,&quot;infinite&quot;:&quot;yes&quot;,&quot;transition&quot;:&quot;slide&quot;,&quot;transition_speed&quot;:500}\" data-widget_type=\"slides.default\">\n\t\t\t\t<div class=\"elementor-widget-container\">\n\t\t\t\t\t\t\t\t\t<div class=\"elementor-swiper\">\n\t\t\t\t\t<div class=\"elementor-slides-wrapper elementor-main-swiper swiper\" role=\"region\" aria-roledescription=\"carousel\" aria-label=\"Slider\" dir=\"ltr\" data-animation=\"fadeInUp\">\n\t\t\t\t<div class=\"swiper-wrapper elementor-slides\">\n\t\t\t\t\t\t\t\t\t\t<div class=\"elementor-repeater-item-4159038 swiper-slide\" role=\"group\" aria-roledescription=\"slide\"><div class=\"swiper-slide-bg\" role=\"img\" aria-label=\"image6\"><\/div><div class=\"swiper-slide-inner\" ><div class=\"swiper-slide-contents\"><\/div><\/div><\/div><div class=\"elementor-repeater-item-1b6dd94 swiper-slide\" role=\"group\" aria-roledescription=\"slide\"><div class=\"swiper-slide-bg\" role=\"img\" aria-label=\"image1\"><\/div><div class=\"swiper-slide-inner\" ><div class=\"swiper-slide-contents\"><\/div><\/div><\/div>\t\t\t\t<\/div>\n\t\t\t\t\t\t\t\t\t\t\t\t\t\t\t<div class=\"elementor-swiper-button elementor-swiper-button-prev\" role=\"button\" tabindex=\"0\" aria-label=\"Vorheriger Slide\">\n\t\t\t\t\t\t\t<svg aria-hidden=\"true\" class=\"e-font-icon-svg e-eicon-chevron-left\" viewBox=\"0 0 1000 1000\" xmlns=\"http:\/\/www.w3.org\/2000\/svg\"><path d=\"M646 125C629 125 613 133 604 142L308 442C296 454 292 471 292 487 292 504 296 521 308 533L604 854C617 867 629 875 646 875 663 875 679 871 692 858 704 846 713 829 713 812 713 796 708 779 692 767L438 487 692 225C700 217 708 204 708 187 708 171 704 154 692 142 675 129 663 125 646 125Z\"><\/path><\/svg>\t\t\t\t\t\t<\/div>\n\t\t\t\t\t\t<div class=\"elementor-swiper-button elementor-swiper-button-next\" role=\"button\" tabindex=\"0\" aria-label=\"N\u00e4chster Slide\">\n\t\t\t\t\t\t\t<svg aria-hidden=\"true\" class=\"e-font-icon-svg e-eicon-chevron-right\" viewBox=\"0 0 1000 1000\" xmlns=\"http:\/\/www.w3.org\/2000\/svg\"><path d=\"M696 533C708 521 713 504 713 487 713 471 708 454 696 446L400 146C388 133 375 125 354 125 338 125 325 129 313 142 300 154 292 171 292 187 292 204 296 221 308 233L563 492 304 771C292 783 288 800 288 817 288 833 296 850 308 863 321 871 338 875 354 875 371 875 388 867 400 854L696 533Z\"><\/path><\/svg>\t\t\t\t\t\t<\/div>\n\t\t\t\t\t\t\t\t\t\t\t\t\t\t\t\t<div class=\"swiper-pagination\"><\/div>\n\t\t\t\t\t\t\t\t\t\t\t\t<\/div>\n\t\t\t\t<\/div>\n\t\t\t\t\t\t\t\t<\/div>\n\t\t\t\t<\/div>\n\t\t<div class=\"elementor-element elementor-element-fa7f860 e-con-full e-flex e-con e-child\" data-id=\"fa7f860\" data-element_type=\"container\" data-e-type=\"container\">\n\t\t\t\t<div class=\"elementor-element elementor-element-a741805 elementor-widget elementor-widget-text-editor\" data-id=\"a741805\" data-element_type=\"widget\" data-e-type=\"widget\" data-widget_type=\"text-editor.default\">\n\t\t\t\t<div class=\"elementor-widget-container\">\n\t\t\t\t\t\t\t\t\t<p><strong>Eigentum:<\/strong> Privat<\/p>\n<p><strong>Dokumentation:<\/strong> Die notwendigen Arbeitsgenehmigungen werden vom Bezirkshandelsgericht Banja Luka ausgestellt. Die st\u00e4dtebauliche Baugenehmigung und Baugenehmigung wird von der Stadt Gradi\u0161ka erteilt.<\/p>\n<p><strong>Investitionsm\u00f6glichkeiten:<\/strong> Kauf, Miete<\/p>\n<p><strong>Nutzungseignung:<\/strong> Produktions- und Lagerfl\u00e4chen, sonstige f\u00fcr ein Einkaufszentrum geeignete Fl\u00e4chen.<\/p>\n<p><strong>Kontaktinformationen:<\/strong> Vuka\u0161in Vojinovi\u0107, +387 65 517 888, <a href=\"mailto:vojinovic111@gmail.com\"><span style=\"font-weight: 400;\">vojinovic111@gmail.com<\/span><\/a><\/p>\n<p><strong>Adresse:<\/strong> Patizanska 54, Gradi\u0161ka<\/p>\n\t\t\t\t\t\t\t\t<\/div>\n\t\t\t\t<\/div>\n\t\t\t\t<\/div>\n\t\t\t\t\t<\/div>\n\t\t\t\t<\/div>\n\t\t\t\t\t<\/div>\n\t\t\t\t<\/div>\n\t\t\t\t\t<\/div>\n\t\t\t\t<\/div>\n\t\t\t\t<\/div>\n\t\t","protected":false},"excerpt":{"rendered":"<p>\u201cPOSLOVNA ZGRADA\u201d Standort: Die Anlage befindet sich in Nova Topola, an der Hauptstra\u00dfe, die Gradi\u0161ka mit der Gemeinde Srbac verbindet. Die Anlage liegt 7 km von der Autobahn Gradi\u0161ka \u2013 Banja Luka und 11 km vom Grenz\u00fcbergang Bosnien und Herzegowina \u2013 Republik Kroatien entfernt. Grundst\u00fccks-\/Geb\u00e4udefl\u00e4che: Geb\u00e4udefl\u00e4che: 1.440 m\u00b2; 4 Etagen (jede Etage &#8211; 360 m\u00b2), [&hellip;]<\/p>\n","protected":false},"author":2,"featured_media":0,"parent":0,"menu_order":0,"comment_status":"closed","ping_status":"closed","template":"","meta":{"footnotes":""},"class_list":["post-1756","page","type-page","status-publish","hentry"],"_links":{"self":[{"href":"https:\/\/www.investingradiska.com\/de\/wp-json\/wp\/v2\/pages\/1756","targetHints":{"allow":["GET"]}}],"collection":[{"href":"https:\/\/www.investingradiska.com\/de\/wp-json\/wp\/v2\/pages"}],"about":[{"href":"https:\/\/www.investingradiska.com\/de\/wp-json\/wp\/v2\/types\/page"}],"author":[{"embeddable":true,"href":"https:\/\/www.investingradiska.com\/de\/wp-json\/wp\/v2\/users\/2"}],"replies":[{"embeddable":true,"href":"https:\/\/www.investingradiska.com\/de\/wp-json\/wp\/v2\/comments?post=1756"}],"version-history":[{"count":5,"href":"https:\/\/www.investingradiska.com\/de\/wp-json\/wp\/v2\/pages\/1756\/revisions"}],"predecessor-version":[{"id":2702,"href":"https:\/\/www.investingradiska.com\/de\/wp-json\/wp\/v2\/pages\/1756\/revisions\/2702"}],"wp:attachment":[{"href":"https:\/\/www.investingradiska.com\/de\/wp-json\/wp\/v2\/media?parent=1756"}],"curies":[{"name":"wp","href":"https:\/\/api.w.org\/{rel}","templated":true}]}}