{"id":1758,"date":"2024-02-14T11:54:53","date_gmt":"2024-02-14T10:54:53","guid":{"rendered":"https:\/\/investingradiska.com\/holzverarbeitungssektor\/"},"modified":"2024-03-25T15:11:40","modified_gmt":"2024-03-25T14:11:40","slug":"holzverarbeitungssektor","status":"publish","type":"page","link":"https:\/\/www.investingradiska.com\/de\/holzverarbeitungssektor\/","title":{"rendered":"Holzverarbeitungssektor"},"content":{"rendered":"\t\t<div data-elementor-type=\"wp-page\" data-elementor-id=\"1758\" class=\"elementor elementor-1758 elementor-742\" data-elementor-post-type=\"page\">\n\t\t\t\t\t\t<section class=\"elementor-section elementor-top-section elementor-element elementor-element-0275e87 elementor-section-height-min-height elementor-section-boxed elementor-section-height-default elementor-section-items-middle\" data-id=\"0275e87\" data-element_type=\"section\" data-e-type=\"section\" data-settings=\"{&quot;background_background&quot;:&quot;classic&quot;}\">\n\t\t\t\t\t\t<div class=\"elementor-container elementor-column-gap-default\">\n\t\t\t\t\t<div class=\"elementor-column elementor-col-100 elementor-top-column elementor-element elementor-element-1e7477f\" data-id=\"1e7477f\" data-element_type=\"column\" data-e-type=\"column\">\n\t\t\t<div class=\"elementor-widget-wrap elementor-element-populated\">\n\t\t\t\t\t\t\t<\/div>\n\t\t<\/div>\n\t\t\t\t\t<\/div>\n\t\t<\/section>\n\t\t<div class=\"elementor-element elementor-element-be9834c e-flex e-con-boxed e-con e-parent\" data-id=\"be9834c\" data-element_type=\"container\" data-e-type=\"container\">\n\t\t\t\t\t<div class=\"e-con-inner\">\n\t\t\t\t<div class=\"elementor-element elementor-element-690e6a2 elementor-widget elementor-widget-text-editor\" data-id=\"690e6a2\" data-element_type=\"widget\" data-e-type=\"widget\" data-widget_type=\"text-editor.default\">\n\t\t\t\t<div class=\"elementor-widget-container\">\n\t\t\t\t\t\t\t\t\t<p>Historisch gesehen hat die Stadt Gradi\u0161ka eine lange Tradition in der Forstwirtschaft. Bereits Ende des 19. Jahrhunderts begann \u00d6sterreich-Ungarn mit der Holzausbeutung in dieser Region. Der Holzverarbeitungssektor und die M\u00f6belproduktion in der Region Gradi\u0161ka befinden sich im Aufschwung, was sich in der zunehmenden Anzahl von Unternehmen widerspiegelt, die auf die Herstellung von Endprodukten wie St\u00fchlen, T\u00fcren, Fenstern, Polster- und Plattenm\u00f6beln spezialisiert sind.<\/p>\n<p>\u00dcber 30 Unternehmen mit Hauptsitz in Gradi\u0161ka, die sich mit der Holzverarbeitung und der M\u00f6belproduktion befassen, erzielen einen Jahresumsatz von \u00fcber 100 Millionen Euro und besch\u00e4ftigen \u00fcber 1.300 Mitarbeiter. Die Hauptprodukte der Holzindustrie und M\u00f6belindustrie in Gradi\u0161ka sind Schnittholz, die Herstellung von Plattenmaterialien f\u00fcr die M\u00f6belindustrie (K\u00fcchen, T\u00fcren usw.), massive Holzplatten und \u00e4hnliche Halbfabrikate sowie verschiedene Arten von M\u00f6beln (Betten, Matratzen, Tische, St\u00fchle, Schr\u00e4nke usw.). Die Endindustrie stellt einen Bereich mit gro\u00dfem Wachstumspotenzial dar. Die Technische Schule Gradi\u0161ka unterst\u00fctzt die Holzindustrie, indem sie in Zusammenarbeit mit der Stadtverwaltung von Gradi\u0161ka bei der Einschreibung von Sch\u00fclern die Bed\u00fcrfnisse der lokalen Unternehmen ber\u00fccksichtigt und Fachkr\u00e4fte mit Berufen wie CNC-Holzbearbeitungstechniker und Tischler ausbildet. Zu den erfolgreichsten Unternehmen in der Region Gradi\u0161ka geh\u00f6ren Lattonedil BiH d.o.o., Prima ISG d.o.o., Tapetarija Mati\u0107 d.o.o., Tapetarija Nikoli\u0107 d.o.o. und andere. \u00dcber 80% der Produkte dieser Unternehmen werden auf dem Markt der Europ\u00e4ischen Union und den umliegenden L\u00e4ndern verkauft.<\/p>\n\t\t\t\t\t\t\t\t<\/div>\n\t\t\t\t<\/div>\n\t\t\t\t<div class=\"elementor-element elementor-element-39d49dd elementor-widget elementor-widget-text-editor\" data-id=\"39d49dd\" data-element_type=\"widget\" data-e-type=\"widget\" data-widget_type=\"text-editor.default\">\n\t\t\t\t<div class=\"elementor-widget-container\">\n\t\t\t\t\t\t\t\t\t<p>Investmentm\u00f6glichkeiten:<\/p>\n<ul>\n<li>Bau und Einrichtung neuer Produktionsanlagen im Rahmen der Wirtschaftszone Nova Topola<\/li>\n<li>M\u00f6glichkeiten zur Zusammenarbeit und Akquisition lokaler Holzverarbeitungsunternehmen<\/li>\n<li>Zugang zu potenziell neuen M\u00e4rkten durch Abkommen wie CEFTA, EFTA, Freihandelsabkommen mit der T\u00fcrkei usw.<\/li>\n<\/ul>\n\t\t\t\t\t\t\t\t<\/div>\n\t\t\t\t<\/div>\n\t\t\t\t\t<\/div>\n\t\t\t\t<\/div>\n\t\t<div class=\"elementor-element elementor-element-0e42753 e-flex e-con-boxed e-con e-parent\" data-id=\"0e42753\" data-element_type=\"container\" data-e-type=\"container\">\n\t\t\t\t\t<div class=\"e-con-inner\">\n\t\t\t\t<div class=\"elementor-element elementor-element-d145cf5 elementor-widget elementor-widget-heading\" data-id=\"d145cf5\" data-element_type=\"widget\" data-e-type=\"widget\" data-widget_type=\"heading.default\">\n\t\t\t\t<div class=\"elementor-widget-container\">\n\t\t\t\t\t<h2 class=\"elementor-heading-title elementor-size-default\">Holzverarbeitende Unternehmen<\/h2>\t\t\t\t<\/div>\n\t\t\t\t<\/div>\n\t\t\t\t<div class=\"elementor-element elementor-element-7bc6b94 elementor-arrows-position-inside elementor-pagination-position-outside elementor-widget elementor-widget-image-carousel\" data-id=\"7bc6b94\" data-element_type=\"widget\" data-e-type=\"widget\" data-settings=\"{&quot;slides_to_show&quot;:&quot;4&quot;,&quot;slides_to_scroll&quot;:&quot;1&quot;,&quot;navigation&quot;:&quot;both&quot;,&quot;autoplay&quot;:&quot;yes&quot;,&quot;pause_on_hover&quot;:&quot;yes&quot;,&quot;pause_on_interaction&quot;:&quot;yes&quot;,&quot;autoplay_speed&quot;:5000,&quot;infinite&quot;:&quot;yes&quot;,&quot;speed&quot;:500}\" data-widget_type=\"image-carousel.default\">\n\t\t\t\t<div class=\"elementor-widget-container\">\n\t\t\t\t\t\t\t<div class=\"elementor-image-carousel-wrapper swiper\" role=\"region\" aria-roledescription=\"carousel\" aria-label=\"Bild Karussell\" dir=\"ltr\">\n\t\t\t<div class=\"elementor-image-carousel swiper-wrapper\" aria-live=\"off\">\n\t\t\t\t\t\t\t\t<div class=\"swiper-slide\" role=\"group\" aria-roledescription=\"slide\" aria-label=\"1 von 11\"><figure class=\"swiper-slide-inner\"><img decoding=\"async\" class=\"swiper-slide-image\" src=\"https:\/\/www.investingradiska.com\/wp-content\/uploads\/2024\/02\/rapic.jpg\" alt=\"rapic\" \/><\/figure><\/div><div class=\"swiper-slide\" role=\"group\" aria-roledescription=\"slide\" aria-label=\"2 von 11\"><figure class=\"swiper-slide-inner\"><img decoding=\"async\" class=\"swiper-slide-image\" src=\"https:\/\/www.investingradiska.com\/wp-content\/uploads\/2024\/02\/tomic.jpg\" alt=\"tomic\" \/><\/figure><\/div><div class=\"swiper-slide\" role=\"group\" aria-roledescription=\"slide\" aria-label=\"3 von 11\"><figure class=\"swiper-slide-inner\"><img decoding=\"async\" class=\"swiper-slide-image\" src=\"https:\/\/www.investingradiska.com\/wp-content\/uploads\/2024\/02\/reflex.jpg\" alt=\"reflex\" \/><\/figure><\/div><div class=\"swiper-slide\" role=\"group\" aria-roledescription=\"slide\" aria-label=\"4 von 11\"><figure class=\"swiper-slide-inner\"><img decoding=\"async\" class=\"swiper-slide-image\" src=\"https:\/\/www.investingradiska.com\/wp-content\/uploads\/2024\/02\/dipo.jpg\" alt=\"dipo\" \/><\/figure><\/div><div class=\"swiper-slide\" role=\"group\" aria-roledescription=\"slide\" aria-label=\"5 von 11\"><figure class=\"swiper-slide-inner\"><img decoding=\"async\" class=\"swiper-slide-image\" src=\"https:\/\/www.investingradiska.com\/wp-content\/uploads\/2024\/02\/bor.jpg\" alt=\"bor\" \/><\/figure><\/div><div class=\"swiper-slide\" role=\"group\" aria-roledescription=\"slide\" aria-label=\"6 von 11\"><figure class=\"swiper-slide-inner\"><img decoding=\"async\" class=\"swiper-slide-image\" src=\"https:\/\/www.investingradiska.com\/wp-content\/uploads\/2024\/02\/lion.jpg\" alt=\"lion\" \/><\/figure><\/div><div class=\"swiper-slide\" role=\"group\" aria-roledescription=\"slide\" aria-label=\"7 von 11\"><figure class=\"swiper-slide-inner\"><img decoding=\"async\" class=\"swiper-slide-image\" src=\"https:\/\/www.investingradiska.com\/wp-content\/uploads\/2024\/02\/simpo.jpg\" alt=\"simpo\" \/><\/figure><\/div><div class=\"swiper-slide\" role=\"group\" aria-roledescription=\"slide\" aria-label=\"8 von 11\"><figure class=\"swiper-slide-inner\"><img decoding=\"async\" class=\"swiper-slide-image\" src=\"https:\/\/www.investingradiska.com\/wp-content\/uploads\/2024\/02\/despotovic.jpg\" alt=\"despotovic\" \/><\/figure><\/div><div class=\"swiper-slide\" role=\"group\" aria-roledescription=\"slide\" aria-label=\"9 von 11\"><figure class=\"swiper-slide-inner\"><img decoding=\"async\" class=\"swiper-slide-image\" src=\"https:\/\/www.investingradiska.com\/wp-content\/uploads\/2024\/02\/sangnamjestaj.jpg\" alt=\"sangnamjestaj\" \/><\/figure><\/div><div class=\"swiper-slide\" role=\"group\" aria-roledescription=\"slide\" aria-label=\"10 von 11\"><figure class=\"swiper-slide-inner\"><img decoding=\"async\" class=\"swiper-slide-image\" src=\"https:\/\/www.investingradiska.com\/wp-content\/uploads\/2024\/02\/matic.jpg\" alt=\"matic\" \/><\/figure><\/div><div class=\"swiper-slide\" role=\"group\" aria-roledescription=\"slide\" aria-label=\"11 von 11\"><figure class=\"swiper-slide-inner\"><img decoding=\"async\" class=\"swiper-slide-image\" src=\"https:\/\/www.investingradiska.com\/wp-content\/uploads\/2024\/02\/nikolic.jpg\" alt=\"nikolic\" \/><\/figure><\/div>\t\t\t<\/div>\n\t\t\t\t\t\t\t\t\t\t\t\t<div class=\"elementor-swiper-button elementor-swiper-button-prev\" role=\"button\" tabindex=\"0\">\n\t\t\t\t\t\t<svg aria-hidden=\"true\" class=\"e-font-icon-svg e-eicon-chevron-left\" viewBox=\"0 0 1000 1000\" xmlns=\"http:\/\/www.w3.org\/2000\/svg\"><path d=\"M646 125C629 125 613 133 604 142L308 442C296 454 292 471 292 487 292 504 296 521 308 533L604 854C617 867 629 875 646 875 663 875 679 871 692 858 704 846 713 829 713 812 713 796 708 779 692 767L438 487 692 225C700 217 708 204 708 187 708 171 704 154 692 142 675 129 663 125 646 125Z\"><\/path><\/svg>\t\t\t\t\t<\/div>\n\t\t\t\t\t<div class=\"elementor-swiper-button elementor-swiper-button-next\" role=\"button\" tabindex=\"0\">\n\t\t\t\t\t\t<svg aria-hidden=\"true\" class=\"e-font-icon-svg e-eicon-chevron-right\" viewBox=\"0 0 1000 1000\" xmlns=\"http:\/\/www.w3.org\/2000\/svg\"><path d=\"M696 533C708 521 713 504 713 487 713 471 708 454 696 446L400 146C388 133 375 125 354 125 338 125 325 129 313 142 300 154 292 171 292 187 292 204 296 221 308 233L563 492 304 771C292 783 288 800 288 817 288 833 296 850 308 863 321 871 338 875 354 875 371 875 388 867 400 854L696 533Z\"><\/path><\/svg>\t\t\t\t\t<\/div>\n\t\t\t\t\n\t\t\t\t\t\t\t\t\t<div class=\"swiper-pagination\"><\/div>\n\t\t\t\t\t\t\t\t\t<\/div>\n\t\t\t\t\t\t<\/div>\n\t\t\t\t<\/div>\n\t\t\t\t\t<\/div>\n\t\t\t\t<\/div>\n\t\t\t\t<\/div>\n\t\t","protected":false},"excerpt":{"rendered":"<p>Historisch gesehen hat die Stadt Gradi\u0161ka eine lange Tradition in der Forstwirtschaft. Bereits Ende des 19. Jahrhunderts begann \u00d6sterreich-Ungarn mit der Holzausbeutung in dieser Region. Der Holzverarbeitungssektor und die M\u00f6belproduktion in der Region Gradi\u0161ka befinden sich im Aufschwung, was sich in der zunehmenden Anzahl von Unternehmen widerspiegelt, die auf die Herstellung von Endprodukten wie St\u00fchlen, [&hellip;]<\/p>\n","protected":false},"author":1,"featured_media":0,"parent":0,"menu_order":0,"comment_status":"closed","ping_status":"closed","template":"","meta":{"footnotes":""},"class_list":["post-1758","page","type-page","status-publish","hentry"],"_links":{"self":[{"href":"https:\/\/www.investingradiska.com\/de\/wp-json\/wp\/v2\/pages\/1758","targetHints":{"allow":["GET"]}}],"collection":[{"href":"https:\/\/www.investingradiska.com\/de\/wp-json\/wp\/v2\/pages"}],"about":[{"href":"https:\/\/www.investingradiska.com\/de\/wp-json\/wp\/v2\/types\/page"}],"author":[{"embeddable":true,"href":"https:\/\/www.investingradiska.com\/de\/wp-json\/wp\/v2\/users\/1"}],"replies":[{"embeddable":true,"href":"https:\/\/www.investingradiska.com\/de\/wp-json\/wp\/v2\/comments?post=1758"}],"version-history":[{"count":5,"href":"https:\/\/www.investingradiska.com\/de\/wp-json\/wp\/v2\/pages\/1758\/revisions"}],"predecessor-version":[{"id":2576,"href":"https:\/\/www.investingradiska.com\/de\/wp-json\/wp\/v2\/pages\/1758\/revisions\/2576"}],"wp:attachment":[{"href":"https:\/\/www.investingradiska.com\/de\/wp-json\/wp\/v2\/media?parent=1758"}],"curies":[{"name":"wp","href":"https:\/\/api.w.org\/{rel}","templated":true}]}}