{"id":1760,"date":"2024-02-15T08:32:47","date_gmt":"2024-02-15T07:32:47","guid":{"rendered":"https:\/\/investingradiska.com\/ausbildung\/"},"modified":"2024-03-25T13:35:06","modified_gmt":"2024-03-25T12:35:06","slug":"ausbildung","status":"publish","type":"page","link":"https:\/\/www.investingradiska.com\/de\/ausbildung\/","title":{"rendered":"Ausbildung"},"content":{"rendered":"\t\t<div data-elementor-type=\"wp-page\" data-elementor-id=\"1760\" class=\"elementor elementor-1760 elementor-881\" data-elementor-post-type=\"page\">\n\t\t\t\t\t\t<section class=\"elementor-section elementor-top-section elementor-element elementor-element-9c4eee1 elementor-section-height-min-height elementor-section-boxed elementor-section-height-default elementor-section-items-middle\" data-id=\"9c4eee1\" data-element_type=\"section\" data-e-type=\"section\" data-settings=\"{&quot;background_background&quot;:&quot;classic&quot;}\">\n\t\t\t\t\t\t<div class=\"elementor-container elementor-column-gap-default\">\n\t\t\t\t\t<div class=\"elementor-column elementor-col-100 elementor-top-column elementor-element elementor-element-f00214b\" data-id=\"f00214b\" data-element_type=\"column\" data-e-type=\"column\">\n\t\t\t<div class=\"elementor-widget-wrap elementor-element-populated\">\n\t\t\t\t\t\t\t<\/div>\n\t\t<\/div>\n\t\t\t\t\t<\/div>\n\t\t<\/section>\n\t\t<div class=\"elementor-element elementor-element-2e7c0a5 e-flex e-con-boxed e-con e-parent\" data-id=\"2e7c0a5\" data-element_type=\"container\" data-e-type=\"container\">\n\t\t\t\t\t<div class=\"e-con-inner\">\n\t\t\t\t<div class=\"elementor-element elementor-element-95ba98b elementor-widget elementor-widget-text-editor\" data-id=\"95ba98b\" data-element_type=\"widget\" data-e-type=\"widget\" data-widget_type=\"text-editor.default\">\n\t\t\t\t<div class=\"elementor-widget-container\">\n\t\t\t\t\t\t\t\t\t<p>Eine der ersten und wichtigsten Bildungseinrichtungen war das Gymnasium Gradi\u0161ka, das im Jahr 1923 gegr\u00fcndet wurde.<\/p>\n<p>Heute gibt es 7 Grundschulen mit \u00fcber 3.350 Sch\u00fclern und 3 weiterf\u00fchrende Schulen mit \u00fcber 1.350 Sch\u00fclern. Die Musikschule und die Sonderschule f\u00fcr Personen mit Entwicklungsst\u00f6rungen sind ebenfalls Teil des st\u00e4dtischen Bildungssystems.<\/p>\n<p>Das Bildungssystem umfasst obligatorische Grund- und Sekundarschulbildung sowie Englischunterricht ab der dritten Klasse der Grundschule.<\/p>\n\t\t\t\t\t\t\t\t<\/div>\n\t\t\t\t<\/div>\n\t\t\t\t\t<\/div>\n\t\t\t\t<\/div>\n\t\t\t\t<\/div>\n\t\t","protected":false},"excerpt":{"rendered":"<p>Eine der ersten und wichtigsten Bildungseinrichtungen war das Gymnasium Gradi\u0161ka, das im Jahr 1923 gegr\u00fcndet wurde. Heute gibt es 7 Grundschulen mit \u00fcber 3.350 Sch\u00fclern und 3 weiterf\u00fchrende Schulen mit \u00fcber 1.350 Sch\u00fclern. Die Musikschule und die Sonderschule f\u00fcr Personen mit Entwicklungsst\u00f6rungen sind ebenfalls Teil des st\u00e4dtischen Bildungssystems. Das Bildungssystem umfasst obligatorische Grund- und Sekundarschulbildung [&hellip;]<\/p>\n","protected":false},"author":2,"featured_media":0,"parent":0,"menu_order":0,"comment_status":"closed","ping_status":"closed","template":"","meta":{"footnotes":""},"class_list":["post-1760","page","type-page","status-publish","hentry"],"_links":{"self":[{"href":"https:\/\/www.investingradiska.com\/de\/wp-json\/wp\/v2\/pages\/1760","targetHints":{"allow":["GET"]}}],"collection":[{"href":"https:\/\/www.investingradiska.com\/de\/wp-json\/wp\/v2\/pages"}],"about":[{"href":"https:\/\/www.investingradiska.com\/de\/wp-json\/wp\/v2\/types\/page"}],"author":[{"embeddable":true,"href":"https:\/\/www.investingradiska.com\/de\/wp-json\/wp\/v2\/users\/2"}],"replies":[{"embeddable":true,"href":"https:\/\/www.investingradiska.com\/de\/wp-json\/wp\/v2\/comments?post=1760"}],"version-history":[{"count":2,"href":"https:\/\/www.investingradiska.com\/de\/wp-json\/wp\/v2\/pages\/1760\/revisions"}],"predecessor-version":[{"id":2552,"href":"https:\/\/www.investingradiska.com\/de\/wp-json\/wp\/v2\/pages\/1760\/revisions\/2552"}],"wp:attachment":[{"href":"https:\/\/www.investingradiska.com\/de\/wp-json\/wp\/v2\/media?parent=1760"}],"curies":[{"name":"wp","href":"https:\/\/api.w.org\/{rel}","templated":true}]}}