{"id":1781,"date":"2024-02-12T17:11:05","date_gmt":"2024-02-12T16:11:05","guid":{"rendered":"https:\/\/investingradiska.com\/klima\/"},"modified":"2024-02-20T09:08:02","modified_gmt":"2024-02-20T08:08:02","slug":"klima","status":"publish","type":"page","link":"https:\/\/www.investingradiska.com\/de\/klima\/","title":{"rendered":"Klima"},"content":{"rendered":"\t\t<div data-elementor-type=\"wp-page\" data-elementor-id=\"1781\" class=\"elementor elementor-1781 elementor-253\" data-elementor-post-type=\"page\">\n\t\t\t\t\t\t<section class=\"elementor-section elementor-top-section elementor-element elementor-element-d47c26c elementor-section-height-min-height elementor-section-boxed elementor-section-height-default elementor-section-items-middle\" data-id=\"d47c26c\" data-element_type=\"section\" data-e-type=\"section\" data-settings=\"{&quot;background_background&quot;:&quot;classic&quot;}\">\n\t\t\t\t\t\t<div class=\"elementor-container elementor-column-gap-default\">\n\t\t\t\t\t<div class=\"elementor-column elementor-col-100 elementor-top-column elementor-element elementor-element-ad78f2e\" data-id=\"ad78f2e\" data-element_type=\"column\" data-e-type=\"column\">\n\t\t\t<div class=\"elementor-widget-wrap elementor-element-populated\">\n\t\t\t\t\t\t\t<\/div>\n\t\t<\/div>\n\t\t\t\t\t<\/div>\n\t\t<\/section>\n\t\t<div class=\"elementor-element elementor-element-7ad06d5 e-flex e-con-boxed e-con e-parent\" data-id=\"7ad06d5\" data-element_type=\"container\" data-e-type=\"container\">\n\t\t\t\t\t<div class=\"e-con-inner\">\n\t\t\t\t<div class=\"elementor-element elementor-element-86661ed elementor-widget elementor-widget-text-editor\" data-id=\"86661ed\" data-element_type=\"widget\" data-e-type=\"widget\" data-widget_type=\"text-editor.default\">\n\t\t\t\t<div class=\"elementor-widget-container\">\n\t\t\t\t\t\t\t\t\t<p>Aufgrund seiner geografischen Lage herrscht in Gradi\u0161ka ein gem\u00e4\u00dfigt kontinentales Klima, das f\u00fcr die Entwicklung des Tourismus das ganze Jahr \u00fcber geeignet ist. In einem Jahr sind alle vier Jahreszeiten mit einer durchschnittlichen Monatstemperatur vorhanden. Die durchschnittliche Jahrestemperatur betr\u00e4gt 11\u00b0C. Im Jahresverlauf gibt es durchschnittlich 80 Tage mit Temperaturen \u00fcber 25\u00b0C, 90 Tage mit Temperaturen unter 0\u00b0C. Durchschnittlich 200 Tage der Heizperiode mit Temperaturen unter 12\u00b0C. Die durchschnittliche Anzahl der Sonnentage pro Jahr betr\u00e4gt 90.<\/p>\n<p>Die Bedingungen f\u00fcr den Anbau von Winterfr\u00fcchten passen zu den klimatischen Bedingungen f\u00fcr den Anbau von Sommerfr\u00fcchten. Auf klimatische Faktoren wie Niederschlag, Lufttemperatur und relative Luftfeuchtigkeit haben landwirtschaftliche Erzeuger keinen Einfluss, sind aber in der Regel an diese angepasst.<\/p>\n<p>Mehr Informationen: <a href=\"https:\/\/rhmzrs.com\/\" target=\"_blank\" rel=\"noopener\">rhmzrs.com<\/a><\/p>\n\t\t\t\t\t\t\t\t<\/div>\n\t\t\t\t<\/div>\n\t\t\t\t\t<\/div>\n\t\t\t\t<\/div>\n\t\t\t\t<\/div>\n\t\t","protected":false},"excerpt":{"rendered":"<p>Aufgrund seiner geografischen Lage herrscht in Gradi\u0161ka ein gem\u00e4\u00dfigt kontinentales Klima, das f\u00fcr die Entwicklung des Tourismus das ganze Jahr \u00fcber geeignet ist. In einem Jahr sind alle vier Jahreszeiten mit einer durchschnittlichen Monatstemperatur vorhanden. Die durchschnittliche Jahrestemperatur betr\u00e4gt 11\u00b0C. Im Jahresverlauf gibt es durchschnittlich 80 Tage mit Temperaturen \u00fcber 25\u00b0C, 90 Tage mit Temperaturen [&hellip;]<\/p>\n","protected":false},"author":2,"featured_media":0,"parent":0,"menu_order":0,"comment_status":"closed","ping_status":"closed","template":"","meta":{"footnotes":""},"class_list":["post-1781","page","type-page","status-publish","hentry"],"_links":{"self":[{"href":"https:\/\/www.investingradiska.com\/de\/wp-json\/wp\/v2\/pages\/1781","targetHints":{"allow":["GET"]}}],"collection":[{"href":"https:\/\/www.investingradiska.com\/de\/wp-json\/wp\/v2\/pages"}],"about":[{"href":"https:\/\/www.investingradiska.com\/de\/wp-json\/wp\/v2\/types\/page"}],"author":[{"embeddable":true,"href":"https:\/\/www.investingradiska.com\/de\/wp-json\/wp\/v2\/users\/2"}],"replies":[{"embeddable":true,"href":"https:\/\/www.investingradiska.com\/de\/wp-json\/wp\/v2\/comments?post=1781"}],"version-history":[{"count":2,"href":"https:\/\/www.investingradiska.com\/de\/wp-json\/wp\/v2\/pages\/1781\/revisions"}],"predecessor-version":[{"id":2233,"href":"https:\/\/www.investingradiska.com\/de\/wp-json\/wp\/v2\/pages\/1781\/revisions\/2233"}],"wp:attachment":[{"href":"https:\/\/www.investingradiska.com\/de\/wp-json\/wp\/v2\/media?parent=1781"}],"curies":[{"name":"wp","href":"https:\/\/api.w.org\/{rel}","templated":true}]}}