{"id":1785,"date":"2024-02-13T14:46:05","date_gmt":"2024-02-13T13:46:05","guid":{"rendered":"https:\/\/investingradiska.com\/metallverarbeitungssektor\/"},"modified":"2024-03-25T14:59:50","modified_gmt":"2024-03-25T13:59:50","slug":"metallverarbeitungssektor","status":"publish","type":"page","link":"https:\/\/www.investingradiska.com\/de\/metallverarbeitungssektor\/","title":{"rendered":"Metallverarbeitungssektor"},"content":{"rendered":"\t\t<div data-elementor-type=\"wp-page\" data-elementor-id=\"1785\" class=\"elementor elementor-1785 elementor-441\" data-elementor-post-type=\"page\">\n\t\t\t\t\t\t<section class=\"elementor-section elementor-top-section elementor-element elementor-element-80d353a elementor-section-height-min-height elementor-section-boxed elementor-section-height-default elementor-section-items-middle\" data-id=\"80d353a\" data-element_type=\"section\" data-e-type=\"section\" data-settings=\"{&quot;background_background&quot;:&quot;classic&quot;}\">\n\t\t\t\t\t\t<div class=\"elementor-container elementor-column-gap-default\">\n\t\t\t\t\t<div class=\"elementor-column elementor-col-100 elementor-top-column elementor-element elementor-element-a992acf\" data-id=\"a992acf\" data-element_type=\"column\" data-e-type=\"column\">\n\t\t\t<div class=\"elementor-widget-wrap elementor-element-populated\">\n\t\t\t\t\t\t\t<\/div>\n\t\t<\/div>\n\t\t\t\t\t<\/div>\n\t\t<\/section>\n\t\t<div class=\"elementor-element elementor-element-44c61ca e-flex e-con-boxed e-con e-parent\" data-id=\"44c61ca\" data-element_type=\"container\" data-e-type=\"container\">\n\t\t\t\t\t<div class=\"e-con-inner\">\n\t\t\t\t<div class=\"elementor-element elementor-element-461322a elementor-widget elementor-widget-text-editor\" data-id=\"461322a\" data-element_type=\"widget\" data-e-type=\"widget\" data-widget_type=\"text-editor.default\">\n\t\t\t\t<div class=\"elementor-widget-container\">\n\t\t\t\t\t\t\t\t\t<p>Die Metallverarbeitungsindustrie stellt eine sehr interessante und attraktive Investitionsm\u00f6glichkeit dar. Die Stadt Gradi\u0161ka hat eine respektable industrielle Tradition und ein Potenzial in den menschlichen Ressourcen, das sicherlich f\u00fcr Investitionen in die Metallverarbeitungsindustrie interessant ist. Der Metallsektor in der Stadt Gradi\u0161ka hat eine langj\u00e4hrige Tradition und starke Wachstumsperspektiven. Der Metallsektor ist stark auf den Export und die St\u00e4rkung der technologischen und menschlichen Kompetenzen der Unternehmen ausgerichtet. Die Technical School Gradi\u0161ka bietet mit \u00fcber 500 eingeschriebenen Sch\u00fclern unter anderem Ausbildungen f\u00fcr Mechatroniker, Robotertechniker, CNC-Techniker, IT-Techniker, Heizungs- und K\u00e4ltemechaniker, CNC-Bedienungstechniker und Holzverarbeitungstechniker CNC an. Im Rahmen des dreij\u00e4hrigen Lehrplans bietet diese Schule auch Ausbildungen f\u00fcr Schwei\u00dfer, Kfz-Mechaniker, Metallbearbeiter, Installateure, Tischler, Werkzeugmacher und Fr\u00e4ser an.<\/p>\n<p>Das hohe Niveau der Metalltechnologie und -verarbeitung bietet lokalen Unternehmen die M\u00f6glichkeit, praktisch jedes Metallteil nach den Anforderungen und Spezifikationen des Kunden herzustellen. Unter den Unternehmen, die f\u00fchrend in der Metallverarbeitung sind, m\u00f6chten wir nur einige nennen, wie zum Beispiel: Metal AG, PMP Jel\u0161ingrad AG, TIKT Manufaktur GmbH, \u010ceki\u0107 GmbH, Solar Mont GmbH, Milenkovac GmbH und andere.<\/p>\n<p>Die T\u00e4tigkeiten dieser Unternehmen sind haupts\u00e4chlich auf die Konstruktion und Produktion von Metallstrukturen und -teilen, Metallpositionen f\u00fcr CNC-Maschinenteile, Positionen f\u00fcr die Automobilindustrie, Schmiedeeisen, Edelstahl, Aluminium und die Herstellung von Maschinen f\u00fcr die Bauindustrie sowie die Bearbeitung von nicht rostenden Metallen ausgerichtet. Die meisten Unternehmen exportieren ihre Produkte auf ausl\u00e4ndische M\u00e4rkte, was einen erheblichen Beitrag zum Au\u00dfenhandel leistet und die Wettbewerbsf\u00e4higkeit des Metallsektors in Gradi\u0161ka zeigt.<\/p>\n\t\t\t\t\t\t\t\t<\/div>\n\t\t\t\t<\/div>\n\t\t\t\t<div class=\"elementor-element elementor-element-9a41aef elementor-widget elementor-widget-text-editor\" data-id=\"9a41aef\" data-element_type=\"widget\" data-e-type=\"widget\" data-widget_type=\"text-editor.default\">\n\t\t\t\t<div class=\"elementor-widget-container\">\n\t\t\t\t\t\t\t\t\t<strong><em>M\u00f6glichkeiten der Investierung:<\/em><\/strong>\r\n<ul>\r\n \t<li>M\u00f6gliche Joint Ventures und Partnerschaften mit lokalen Metallverarbeitungsunternehmen<\/li>\r\n \t<li>Gr\u00fcndung und Start neuer Metallverarbeitungsunternehmen innerhalb bestehender Investitionszonen<\/li>\r\n \t<li>Investition in adaptierte Brachfl\u00e4chen<\/li>\r\n<\/ul>\t\t\t\t\t\t\t\t<\/div>\n\t\t\t\t<\/div>\n\t\t\t\t\t<\/div>\n\t\t\t\t<\/div>\n\t\t<div class=\"elementor-element elementor-element-a25189d e-flex e-con-boxed e-con e-parent\" data-id=\"a25189d\" data-element_type=\"container\" data-e-type=\"container\">\n\t\t\t\t\t<div class=\"e-con-inner\">\n\t\t\t\t<div class=\"elementor-element elementor-element-2cb42f5 elementor-widget elementor-widget-heading\" data-id=\"2cb42f5\" data-element_type=\"widget\" data-e-type=\"widget\" data-widget_type=\"heading.default\">\n\t\t\t\t<div class=\"elementor-widget-container\">\n\t\t\t\t\t<h2 class=\"elementor-heading-title elementor-size-default\">Metallverarbeitende Unternehmen<\/h2>\t\t\t\t<\/div>\n\t\t\t\t<\/div>\n\t\t\t\t<div class=\"elementor-element elementor-element-5b27dd2 elementor-arrows-position-inside elementor-pagination-position-outside elementor-widget elementor-widget-image-carousel\" data-id=\"5b27dd2\" data-element_type=\"widget\" data-e-type=\"widget\" data-settings=\"{&quot;slides_to_show&quot;:&quot;4&quot;,&quot;slides_to_scroll&quot;:&quot;1&quot;,&quot;navigation&quot;:&quot;both&quot;,&quot;autoplay&quot;:&quot;yes&quot;,&quot;pause_on_hover&quot;:&quot;yes&quot;,&quot;pause_on_interaction&quot;:&quot;yes&quot;,&quot;autoplay_speed&quot;:5000,&quot;infinite&quot;:&quot;yes&quot;,&quot;speed&quot;:500}\" data-widget_type=\"image-carousel.default\">\n\t\t\t\t<div class=\"elementor-widget-container\">\n\t\t\t\t\t\t\t<div class=\"elementor-image-carousel-wrapper swiper\" role=\"region\" aria-roledescription=\"carousel\" aria-label=\"Bild Karussell\" dir=\"ltr\">\n\t\t\t<div class=\"elementor-image-carousel swiper-wrapper\" aria-live=\"off\">\n\t\t\t\t\t\t\t\t<div class=\"swiper-slide\" role=\"group\" aria-roledescription=\"slide\" aria-label=\"1 von 9\"><figure class=\"swiper-slide-inner\"><img decoding=\"async\" class=\"swiper-slide-image\" src=\"https:\/\/www.investingradiska.com\/wp-content\/uploads\/2024\/02\/tikt.jpg\" alt=\"tikt\" \/><\/figure><\/div><div class=\"swiper-slide\" role=\"group\" aria-roledescription=\"slide\" aria-label=\"2 von 9\"><figure class=\"swiper-slide-inner\"><img decoding=\"async\" class=\"swiper-slide-image\" src=\"https:\/\/www.investingradiska.com\/wp-content\/uploads\/2024\/02\/mehanizmi-1.jpg\" alt=\"mehanizmi\" \/><\/figure><\/div><div class=\"swiper-slide\" role=\"group\" aria-roledescription=\"slide\" aria-label=\"3 von 9\"><figure class=\"swiper-slide-inner\"><img decoding=\"async\" class=\"swiper-slide-image\" src=\"https:\/\/www.investingradiska.com\/wp-content\/uploads\/2024\/02\/cekic.jpg\" alt=\"c\u030cekic\u0301\" \/><\/figure><\/div><div class=\"swiper-slide\" role=\"group\" aria-roledescription=\"slide\" aria-label=\"4 von 9\"><figure class=\"swiper-slide-inner\"><img decoding=\"async\" class=\"swiper-slide-image\" src=\"https:\/\/www.investingradiska.com\/wp-content\/uploads\/2024\/02\/sekundarac.jpg\" alt=\"sekundarac\" \/><\/figure><\/div><div class=\"swiper-slide\" role=\"group\" aria-roledescription=\"slide\" aria-label=\"5 von 9\"><figure class=\"swiper-slide-inner\"><img decoding=\"async\" class=\"swiper-slide-image\" src=\"https:\/\/www.investingradiska.com\/wp-content\/uploads\/2024\/02\/pmp.jpg\" alt=\"pmp\" \/><\/figure><\/div><div class=\"swiper-slide\" role=\"group\" aria-roledescription=\"slide\" aria-label=\"6 von 9\"><figure class=\"swiper-slide-inner\"><img decoding=\"async\" class=\"swiper-slide-image\" src=\"https:\/\/www.investingradiska.com\/wp-content\/uploads\/2024\/02\/tesic.jpg\" alt=\"tesic\" \/><\/figure><\/div><div class=\"swiper-slide\" role=\"group\" aria-roledescription=\"slide\" aria-label=\"7 von 9\"><figure class=\"swiper-slide-inner\"><img decoding=\"async\" class=\"swiper-slide-image\" src=\"https:\/\/www.investingradiska.com\/wp-content\/uploads\/2024\/02\/metal-1.jpg\" alt=\"metal-1\" \/><\/figure><\/div><div class=\"swiper-slide\" role=\"group\" aria-roledescription=\"slide\" aria-label=\"8 von 9\"><figure class=\"swiper-slide-inner\"><img decoding=\"async\" class=\"swiper-slide-image\" src=\"https:\/\/www.investingradiska.com\/wp-content\/uploads\/2024\/02\/dragan.jpg\" alt=\"dragan\" \/><\/figure><\/div><div class=\"swiper-slide\" role=\"group\" aria-roledescription=\"slide\" aria-label=\"9 von 9\"><figure class=\"swiper-slide-inner\"><img decoding=\"async\" class=\"swiper-slide-image\" src=\"https:\/\/www.investingradiska.com\/wp-content\/uploads\/2024\/02\/ewes.jpg\" alt=\"ewes\" \/><\/figure><\/div>\t\t\t<\/div>\n\t\t\t\t\t\t\t\t\t\t\t\t<div class=\"elementor-swiper-button elementor-swiper-button-prev\" role=\"button\" tabindex=\"0\">\n\t\t\t\t\t\t<svg aria-hidden=\"true\" class=\"e-font-icon-svg e-eicon-chevron-left\" viewBox=\"0 0 1000 1000\" xmlns=\"http:\/\/www.w3.org\/2000\/svg\"><path d=\"M646 125C629 125 613 133 604 142L308 442C296 454 292 471 292 487 292 504 296 521 308 533L604 854C617 867 629 875 646 875 663 875 679 871 692 858 704 846 713 829 713 812 713 796 708 779 692 767L438 487 692 225C700 217 708 204 708 187 708 171 704 154 692 142 675 129 663 125 646 125Z\"><\/path><\/svg>\t\t\t\t\t<\/div>\n\t\t\t\t\t<div class=\"elementor-swiper-button elementor-swiper-button-next\" role=\"button\" tabindex=\"0\">\n\t\t\t\t\t\t<svg aria-hidden=\"true\" class=\"e-font-icon-svg e-eicon-chevron-right\" viewBox=\"0 0 1000 1000\" xmlns=\"http:\/\/www.w3.org\/2000\/svg\"><path d=\"M696 533C708 521 713 504 713 487 713 471 708 454 696 446L400 146C388 133 375 125 354 125 338 125 325 129 313 142 300 154 292 171 292 187 292 204 296 221 308 233L563 492 304 771C292 783 288 800 288 817 288 833 296 850 308 863 321 871 338 875 354 875 371 875 388 867 400 854L696 533Z\"><\/path><\/svg>\t\t\t\t\t<\/div>\n\t\t\t\t\n\t\t\t\t\t\t\t\t\t<div class=\"swiper-pagination\"><\/div>\n\t\t\t\t\t\t\t\t\t<\/div>\n\t\t\t\t\t\t<\/div>\n\t\t\t\t<\/div>\n\t\t\t\t\t<\/div>\n\t\t\t\t<\/div>\n\t\t\t\t<\/div>\n\t\t","protected":false},"excerpt":{"rendered":"<p>Die Metallverarbeitungsindustrie stellt eine sehr interessante und attraktive Investitionsm\u00f6glichkeit dar. Die Stadt Gradi\u0161ka hat eine respektable industrielle Tradition und ein Potenzial in den menschlichen Ressourcen, das sicherlich f\u00fcr Investitionen in die Metallverarbeitungsindustrie interessant ist. Der Metallsektor in der Stadt Gradi\u0161ka hat eine langj\u00e4hrige Tradition und starke Wachstumsperspektiven. Der Metallsektor ist stark auf den Export und [&hellip;]<\/p>\n","protected":false},"author":1,"featured_media":0,"parent":0,"menu_order":0,"comment_status":"closed","ping_status":"closed","template":"","meta":{"footnotes":""},"class_list":["post-1785","page","type-page","status-publish","hentry"],"_links":{"self":[{"href":"https:\/\/www.investingradiska.com\/de\/wp-json\/wp\/v2\/pages\/1785","targetHints":{"allow":["GET"]}}],"collection":[{"href":"https:\/\/www.investingradiska.com\/de\/wp-json\/wp\/v2\/pages"}],"about":[{"href":"https:\/\/www.investingradiska.com\/de\/wp-json\/wp\/v2\/types\/page"}],"author":[{"embeddable":true,"href":"https:\/\/www.investingradiska.com\/de\/wp-json\/wp\/v2\/users\/1"}],"replies":[{"embeddable":true,"href":"https:\/\/www.investingradiska.com\/de\/wp-json\/wp\/v2\/comments?post=1785"}],"version-history":[{"count":7,"href":"https:\/\/www.investingradiska.com\/de\/wp-json\/wp\/v2\/pages\/1785\/revisions"}],"predecessor-version":[{"id":2569,"href":"https:\/\/www.investingradiska.com\/de\/wp-json\/wp\/v2\/pages\/1785\/revisions\/2569"}],"wp:attachment":[{"href":"https:\/\/www.investingradiska.com\/de\/wp-json\/wp\/v2\/media?parent=1785"}],"curies":[{"name":"wp","href":"https:\/\/api.w.org\/{rel}","templated":true}]}}