{"id":1787,"date":"2024-02-14T12:35:04","date_gmt":"2024-02-14T11:35:04","guid":{"rendered":"https:\/\/investingradiska.com\/gehalt\/"},"modified":"2024-03-27T13:48:19","modified_gmt":"2024-03-27T12:48:19","slug":"gehalt","status":"publish","type":"page","link":"https:\/\/www.investingradiska.com\/de\/gehalt\/","title":{"rendered":"Gehalt"},"content":{"rendered":"\t\t<div data-elementor-type=\"wp-page\" data-elementor-id=\"1787\" class=\"elementor elementor-1787 elementor-787\" data-elementor-post-type=\"page\">\n\t\t\t\t\t\t<section class=\"elementor-section elementor-top-section elementor-element elementor-element-f51210b elementor-section-height-min-height elementor-section-boxed elementor-section-height-default elementor-section-items-middle\" data-id=\"f51210b\" data-element_type=\"section\" data-e-type=\"section\" data-settings=\"{&quot;background_background&quot;:&quot;classic&quot;}\">\n\t\t\t\t\t\t<div class=\"elementor-container elementor-column-gap-default\">\n\t\t\t\t\t<div class=\"elementor-column elementor-col-100 elementor-top-column elementor-element elementor-element-d8ac2c2\" data-id=\"d8ac2c2\" data-element_type=\"column\" data-e-type=\"column\">\n\t\t\t<div class=\"elementor-widget-wrap elementor-element-populated\">\n\t\t\t\t\t\t\t<\/div>\n\t\t<\/div>\n\t\t\t\t\t<\/div>\n\t\t<\/section>\n\t\t<div class=\"elementor-element elementor-element-07bd6e1 e-flex e-con-boxed e-con e-parent\" data-id=\"07bd6e1\" data-element_type=\"container\" data-e-type=\"container\">\n\t\t\t\t\t<div class=\"e-con-inner\">\n\t\t\t\t<div class=\"elementor-element elementor-element-66db265 elementor-widget elementor-widget-text-editor\" data-id=\"66db265\" data-element_type=\"widget\" data-e-type=\"widget\" data-widget_type=\"text-editor.default\">\n\t\t\t\t<div class=\"elementor-widget-container\">\n\t\t\t\t\t\t\t\t\tDas durchschnittliche monatliche Bruttogehalt im Jahr 2022 betrug 1.416,37 KM (724 EUR). Beobachtung der Gebiete\r\nT\u00e4tigkeiten liegt das h\u00f6chste durchschnittliche Bruttogehalt im Jahr 2022 im Bereich Produktion und Versorgung\r\nStrom, Gas, Dampf und Klimaanlage in H\u00f6he von 2.878 KM (1.471 EUR), der niedrigste liegt in\r\nim Bereich Bildung, in H\u00f6he von 801,80 KM (410 EUR). Das Gehalt des Arbeitnehmers deckt den Vollzeitlohn ab\r\nZeit, Teilzeit und \u00dcberstunden, Zahlungen f\u00fcr Unternehmensressourcen f\u00fcr bezahlte aber\r\nNicht geleistete Arbeitsstunden wie Jahresurlaub, Feiertage und gesetzliche arbeitsfreie Tage werden verg\u00fctet\r\nUrlaub zur Berufsausbildung, Arbeitsunterbrechungen ohne Verschulden des Arbeitnehmers und vom Arbeitgeber bezahlter Krankheitsurlaub.\t\t\t\t\t\t\t\t<\/div>\n\t\t\t\t<\/div>\n\t\t\t\t\t<\/div>\n\t\t\t\t<\/div>\n\t\t\t\t<\/div>\n\t\t","protected":false},"excerpt":{"rendered":"<p>Das durchschnittliche monatliche Bruttogehalt im Jahr 2022 betrug 1.416,37 KM (724 EUR). Beobachtung der Gebiete T\u00e4tigkeiten liegt das h\u00f6chste durchschnittliche Bruttogehalt im Jahr 2022 im Bereich Produktion und Versorgung Strom, Gas, Dampf und Klimaanlage in H\u00f6he von 2.878 KM (1.471 EUR), der niedrigste liegt in im Bereich Bildung, in H\u00f6he von 801,80 KM (410 EUR). [&hellip;]<\/p>\n","protected":false},"author":2,"featured_media":0,"parent":0,"menu_order":0,"comment_status":"closed","ping_status":"closed","template":"","meta":{"footnotes":""},"class_list":["post-1787","page","type-page","status-publish","hentry"],"_links":{"self":[{"href":"https:\/\/www.investingradiska.com\/de\/wp-json\/wp\/v2\/pages\/1787","targetHints":{"allow":["GET"]}}],"collection":[{"href":"https:\/\/www.investingradiska.com\/de\/wp-json\/wp\/v2\/pages"}],"about":[{"href":"https:\/\/www.investingradiska.com\/de\/wp-json\/wp\/v2\/types\/page"}],"author":[{"embeddable":true,"href":"https:\/\/www.investingradiska.com\/de\/wp-json\/wp\/v2\/users\/2"}],"replies":[{"embeddable":true,"href":"https:\/\/www.investingradiska.com\/de\/wp-json\/wp\/v2\/comments?post=1787"}],"version-history":[{"count":4,"href":"https:\/\/www.investingradiska.com\/de\/wp-json\/wp\/v2\/pages\/1787\/revisions"}],"predecessor-version":[{"id":2710,"href":"https:\/\/www.investingradiska.com\/de\/wp-json\/wp\/v2\/pages\/1787\/revisions\/2710"}],"wp:attachment":[{"href":"https:\/\/www.investingradiska.com\/de\/wp-json\/wp\/v2\/media?parent=1787"}],"curies":[{"name":"wp","href":"https:\/\/api.w.org\/{rel}","templated":true}]}}