{"id":1789,"date":"2024-02-12T16:59:03","date_gmt":"2024-02-12T15:59:03","guid":{"rendered":"https:\/\/investingradiska.com\/geschaeftsumgebung-bfc-standard\/"},"modified":"2024-02-20T09:09:03","modified_gmt":"2024-02-20T08:09:03","slug":"geschaeftsumgebung-bfc-standard","status":"publish","type":"page","link":"https:\/\/www.investingradiska.com\/de\/geschaeftsumgebung-bfc-standard\/","title":{"rendered":"Gesch\u00e4ftsumgebung \u2013 BFC Standard"},"content":{"rendered":"\t\t<div data-elementor-type=\"wp-page\" data-elementor-id=\"1789\" class=\"elementor elementor-1789 elementor-226\" data-elementor-post-type=\"page\">\n\t\t\t\t\t\t<section class=\"elementor-section elementor-top-section elementor-element elementor-element-51339c5 elementor-section-height-min-height elementor-section-boxed elementor-section-height-default elementor-section-items-middle\" data-id=\"51339c5\" data-element_type=\"section\" data-e-type=\"section\" data-settings=\"{&quot;background_background&quot;:&quot;classic&quot;}\">\n\t\t\t\t\t\t<div class=\"elementor-container elementor-column-gap-default\">\n\t\t\t\t\t<div class=\"elementor-column elementor-col-100 elementor-top-column elementor-element elementor-element-b6bf4f9\" data-id=\"b6bf4f9\" data-element_type=\"column\" data-e-type=\"column\">\n\t\t\t<div class=\"elementor-widget-wrap elementor-element-populated\">\n\t\t\t\t\t\t\t<\/div>\n\t\t<\/div>\n\t\t\t\t\t<\/div>\n\t\t<\/section>\n\t\t<div class=\"elementor-element elementor-element-ffab0c1 e-flex e-con-boxed e-con e-parent\" data-id=\"ffab0c1\" data-element_type=\"container\" data-e-type=\"container\">\n\t\t\t\t\t<div class=\"e-con-inner\">\n\t\t\t\t<div class=\"elementor-element elementor-element-1883ab3 elementor-widget elementor-widget-text-editor\" data-id=\"1883ab3\" data-element_type=\"widget\" data-e-type=\"widget\" data-widget_type=\"text-editor.default\">\n\t\t\t\t<div class=\"elementor-widget-container\">\n\t\t\t\t\t\t\t\t\t<p>Das Zertifizierungsprogramm f\u00fcr g\u00fcnstige Gesch\u00e4ftsumgebungen in S\u00fcdosteuropa ist ein einzigartiges regionales Programm zur Verbesserung der Wettbewerbsf\u00e4higkeit lokaler Selbstverwaltungen, das in Bosnien und Herzegowina und der Region umgesetzt wird. Dieses Programm richtet sich an St\u00e4dte und Gemeinden, die \u00fcber ausreichende Kapazit\u00e4ten verf\u00fcgen und strategisch entschlossen sind, das wirtschaftliche Umfeld zu verbessern, Investitionen anzuziehen und die Entwicklung der lokalen Wirtschaft zu f\u00f6rdern.<\/p>\n<p>Die Stadt Gradi\u0161ka geh\u00f6rt zu den St\u00e4dten, denen es gelungen ist, 10 anspruchsvolle Kriterien und 67 Unterkriterien zur Verbesserung der Qualit\u00e4t der Dienstleistungen und Informationen zu erf\u00fcllen, die die lokalen Selbstverwaltungseinheiten Gesch\u00e4ftsleuten und ausl\u00e4ndischen Investoren bieten.<\/p>\n<p>Das BFC SEE-Zertifikat verbessert die Arbeit der Verwaltung und entwickelt Mechanismen, die Investoren, dem Privatsektor und den B\u00fcrgern zugute kommen. Das Programm selbst erm\u00f6glicht durch die T\u00e4tigkeit des Wirtschaftsrates die Einbindung der Wirtschaft in die Entwicklungsprozesse der Stadt und der Stadtverwaltung zur Verbesserung des wirtschaftlichen Umfelds. Durch die Implementierung des BFC SEE-Standards wird Anlegern Folgendes geboten:<\/p>\n<ul>\n<li>sicherer Investitionsstandort zum Investieren<\/li>\n<li>Partnerschaftliche Beziehung zur \u00f6rtlichen Verwaltung<\/li>\n<li>Gesch\u00e4ftserfolg und Weiterentwicklung des Unternehmens<\/li>\n<li>Wettbewerbsf\u00e4higkeit, Vorteile und zus\u00e4tzliche Gesch\u00e4ftsvorteile<\/li>\n<\/ul>\n\t\t\t\t\t\t\t\t<\/div>\n\t\t\t\t<\/div>\n\t\t\t\t\t<\/div>\n\t\t\t\t<\/div>\n\t\t\t\t<\/div>\n\t\t","protected":false},"excerpt":{"rendered":"<p>Das Zertifizierungsprogramm f\u00fcr g\u00fcnstige Gesch\u00e4ftsumgebungen in S\u00fcdosteuropa ist ein einzigartiges regionales Programm zur Verbesserung der Wettbewerbsf\u00e4higkeit lokaler Selbstverwaltungen, das in Bosnien und Herzegowina und der Region umgesetzt wird. Dieses Programm richtet sich an St\u00e4dte und Gemeinden, die \u00fcber ausreichende Kapazit\u00e4ten verf\u00fcgen und strategisch entschlossen sind, das wirtschaftliche Umfeld zu verbessern, Investitionen anzuziehen und die Entwicklung [&hellip;]<\/p>\n","protected":false},"author":2,"featured_media":0,"parent":0,"menu_order":0,"comment_status":"closed","ping_status":"closed","template":"","meta":{"footnotes":""},"class_list":["post-1789","page","type-page","status-publish","hentry"],"_links":{"self":[{"href":"https:\/\/www.investingradiska.com\/de\/wp-json\/wp\/v2\/pages\/1789","targetHints":{"allow":["GET"]}}],"collection":[{"href":"https:\/\/www.investingradiska.com\/de\/wp-json\/wp\/v2\/pages"}],"about":[{"href":"https:\/\/www.investingradiska.com\/de\/wp-json\/wp\/v2\/types\/page"}],"author":[{"embeddable":true,"href":"https:\/\/www.investingradiska.com\/de\/wp-json\/wp\/v2\/users\/2"}],"replies":[{"embeddable":true,"href":"https:\/\/www.investingradiska.com\/de\/wp-json\/wp\/v2\/comments?post=1789"}],"version-history":[{"count":2,"href":"https:\/\/www.investingradiska.com\/de\/wp-json\/wp\/v2\/pages\/1789\/revisions"}],"predecessor-version":[{"id":2257,"href":"https:\/\/www.investingradiska.com\/de\/wp-json\/wp\/v2\/pages\/1789\/revisions\/2257"}],"wp:attachment":[{"href":"https:\/\/www.investingradiska.com\/de\/wp-json\/wp\/v2\/media?parent=1789"}],"curies":[{"name":"wp","href":"https:\/\/api.w.org\/{rel}","templated":true}]}}