{"id":1802,"date":"2024-02-12T15:31:57","date_gmt":"2024-02-12T14:31:57","guid":{"rendered":"https:\/\/investingradiska.com\/wort-des-buergermeisters-der-stadt\/"},"modified":"2024-02-20T09:09:31","modified_gmt":"2024-02-20T08:09:31","slug":"wort-des-buergermeisters-der-stadt","status":"publish","type":"page","link":"https:\/\/www.investingradiska.com\/de\/wort-des-buergermeisters-der-stadt\/","title":{"rendered":"Wort des B\u00fcrgermeisters der Stadt"},"content":{"rendered":"\t\t<div data-elementor-type=\"wp-page\" data-elementor-id=\"1802\" class=\"elementor elementor-1802 elementor-127\" data-elementor-post-type=\"page\">\n\t\t\t\t\t\t<section class=\"elementor-section elementor-top-section elementor-element elementor-element-244b2639 elementor-section-height-min-height elementor-section-boxed elementor-section-height-default elementor-section-items-middle\" data-id=\"244b2639\" data-element_type=\"section\" data-e-type=\"section\" data-settings=\"{&quot;background_background&quot;:&quot;classic&quot;}\">\n\t\t\t\t\t\t<div class=\"elementor-container elementor-column-gap-default\">\n\t\t\t\t\t<div class=\"elementor-column elementor-col-100 elementor-top-column elementor-element elementor-element-4a9ce0b8\" data-id=\"4a9ce0b8\" data-element_type=\"column\" data-e-type=\"column\">\n\t\t\t<div class=\"elementor-widget-wrap elementor-element-populated\">\n\t\t\t\t\t\t\t<\/div>\n\t\t<\/div>\n\t\t\t\t\t<\/div>\n\t\t<\/section>\n\t\t<div class=\"elementor-element elementor-element-a61bd87 e-flex e-con-boxed e-con e-parent\" data-id=\"a61bd87\" data-element_type=\"container\" data-e-type=\"container\">\n\t\t\t\t\t<div class=\"e-con-inner\">\n\t\t\t\t<div class=\"elementor-element elementor-element-6df8b9a elementor-widget elementor-widget-text-editor\" data-id=\"6df8b9a\" data-element_type=\"widget\" data-e-type=\"widget\" data-widget_type=\"text-editor.default\">\n\t\t\t\t<div class=\"elementor-widget-container\">\n\t\t\t\t\t\t\t\t\t<p>Wenn Sie auf der Suche nach einem Ort zum Investieren sind, bietet die Stadt Gradi\u0161ka den richtigen Standort f\u00fcr die Entwicklung Ihres Unternehmens. Ihr Unternehmen wird im Herzen der Balkanhalbinsel, an der Grenze zur Europ\u00e4ischen Union, positioniert sein, was einen Markt mit \u00fcber 500 Millionen Kunden er\u00f6ffnet. Die Stadt Gradi\u0161ka liegt geografisch an der \u00e4u\u00dfersten Grenze der Europ\u00e4ischen Union. Wir sind weniger als eine halbe Autostunde vom Hauptverwaltungszentrum der Stadt Banja Luka und 20 Minuten vom Flughafen in Lakta\u0161i sowie 1 Stunde und 30 Minuten vom Flughafen in Zagreb (EU) entfernt. Die Stadt Gradi\u0161ka ist ein Standort, der die Unternehmertradition pflegt, qualifizierte Arbeitskr\u00e4fte mit hochentwickelten Arbeitsgewohnheiten der Mitarbeiter entwickelt.<\/p>\n<p>Unsere strategische Lage mit dem gr\u00f6\u00dften Transitgrenz\u00fcbergang in Bosnien und Herzegowina und einer hochentwickelten Stra\u00dfeninfrastruktur, die eine direkte Verbindung zum Markt der Europ\u00e4ischen Union mit effizienter Verwaltung erm\u00f6glicht, wird entscheidende Faktoren f\u00fcr den Erfolg Ihres Unternehmens sein. Lassen Sie Ihre Entschlossenheit f\u00fcr den Gesch\u00e4ftserfolg in Gradi\u0161ka bestimmen.<\/p>\n\t\t\t\t\t\t\t\t<\/div>\n\t\t\t\t<\/div>\n\t\t\t\t\t<\/div>\n\t\t\t\t<\/div>\n\t\t<div class=\"elementor-element elementor-element-6547523 e-flex e-con-boxed e-con e-parent\" data-id=\"6547523\" data-element_type=\"container\" data-e-type=\"container\">\n\t\t\t\t\t<div class=\"e-con-inner\">\n\t\t<div class=\"elementor-element elementor-element-1ba015e e-flex e-con-boxed e-con e-child\" data-id=\"1ba015e\" data-element_type=\"container\" data-e-type=\"container\">\n\t\t\t\t\t<div class=\"e-con-inner\">\n\t\t<div class=\"elementor-element elementor-element-c35ea87 e-con-full e-flex e-con e-child\" data-id=\"c35ea87\" data-element_type=\"container\" data-e-type=\"container\">\n\t\t\t\t<div class=\"elementor-element elementor-element-34e090e elementor-widget elementor-widget-image\" data-id=\"34e090e\" data-element_type=\"widget\" data-e-type=\"widget\" data-widget_type=\"image.default\">\n\t\t\t\t<div class=\"elementor-widget-container\">\n\t\t\t\t\t\t\t\t\t\t\t\t\t\t\t<img fetchpriority=\"high\" decoding=\"async\" width=\"800\" height=\"920\" src=\"https:\/\/www.investingradiska.com\/wp-content\/uploads\/2024\/02\/IMG_2061212124-890x1024.jpg\" class=\"attachment-large size-large wp-image-1014\" alt=\"\" srcset=\"https:\/\/www.investingradiska.com\/wp-content\/uploads\/2024\/02\/IMG_2061212124-890x1024.jpg 890w, https:\/\/www.investingradiska.com\/wp-content\/uploads\/2024\/02\/IMG_2061212124-261x300.jpg 261w, https:\/\/www.investingradiska.com\/wp-content\/uploads\/2024\/02\/IMG_2061212124-768x884.jpg 768w, https:\/\/www.investingradiska.com\/wp-content\/uploads\/2024\/02\/IMG_2061212124-1334x1536.jpg 1334w, https:\/\/www.investingradiska.com\/wp-content\/uploads\/2024\/02\/IMG_2061212124-1779x2048.jpg 1779w\" sizes=\"(max-width: 800px) 100vw, 800px\" \/>\t\t\t\t\t\t\t\t\t\t\t\t\t\t\t<\/div>\n\t\t\t\t<\/div>\n\t\t\t\t<\/div>\n\t\t<div class=\"elementor-element elementor-element-802cada e-con-full e-flex e-con e-child\" data-id=\"802cada\" data-element_type=\"container\" data-e-type=\"container\">\n\t\t\t\t<div class=\"elementor-element elementor-element-93c3cb9 elementor-widget elementor-widget-heading\" data-id=\"93c3cb9\" data-element_type=\"widget\" data-e-type=\"widget\" data-widget_type=\"heading.default\">\n\t\t\t\t<div class=\"elementor-widget-container\">\n\t\t\t\t\t<h2 class=\"elementor-heading-title elementor-size-default\">Wenn Sie in Gradisko investieren, w\u00e4chst Ihr Unternehmen.<\/h2>\t\t\t\t<\/div>\n\t\t\t\t<\/div>\n\t\t\t\t<div class=\"elementor-element elementor-element-6ba8bb8 elementor-widget elementor-widget-text-editor\" data-id=\"6ba8bb8\" data-element_type=\"widget\" data-e-type=\"widget\" data-widget_type=\"text-editor.default\">\n\t\t\t\t<div class=\"elementor-widget-container\">\n\t\t\t\t\t\t\t\t\t<p>Eine effiziente kommunale Selbstverwaltung stellt Ihnen in k\u00fcrzester Zeit alle notwendigen Informationen f\u00fcr die Gr\u00fcndung Ihres eigenen Unternehmens zur Verf\u00fcgung und in nur wenigen Wochen haben Sie Zugriff auf alle erforderlichen Genehmigungen und Unterlagen f\u00fcr die Gesch\u00e4ftst\u00e4tigkeit.<\/p>\n\t\t\t\t\t\t\t\t<\/div>\n\t\t\t\t<\/div>\n\t\t\t\t<div class=\"elementor-element elementor-element-68240ba elementor-widget elementor-widget-text-editor\" data-id=\"68240ba\" data-element_type=\"widget\" data-e-type=\"widget\" data-widget_type=\"text-editor.default\">\n\t\t\t\t<div class=\"elementor-widget-container\">\n\t\t\t\t\t\t\t\t\t<p>In der Stadt Gradi\u0161ka werden richtige und rechtzeitige Entscheidungen getroffen, die zum Wachstum Ihres Unternehmens beitragen. Die Stadt Gradi\u0161ka steht auf Ihrer Verhandlungsseite und vertritt Ihre Interessen auf h\u00f6heren Regierungsebenen. Der proaktive Ansatz der lokalen Verwaltung in Form der kompetentesten Experten und der akademischen Gemeinschaft wird dazu f\u00fchren, dass sich Ihr Unternehmen in die gew\u00fcnschte Richtung entwickelt. Die Unterst\u00fctzung Ihres Unternehmens ist unsere Aufgabe und unser gr\u00f6\u00dftes Engagement. Ihre Investitionen werden im Vergleich zu Investitionen in anderen Teilen Bosnien und Herzegowinas geringer sein und andererseits wird der direkte Grenzzugang zum EU-Markt erleichtert. Gradi\u0161ka ist Ihr Tor zum Erfolg f\u00fcr die Umsetzung von Gesch\u00e4ften in Bosnien und Herzegowina und S\u00fcdosteuropa und ein Ort, der Ihr Unternehmen mit dem Markt West- und Osteuropas verbindet. Dies sind die Fakten, die unsere Politik der Transparenz und Offenheit des Gesch\u00e4fts vorgeben, und deshalb ist Ihr Erfolg f\u00fcr uns gleicherma\u00dfen wichtig.<\/p>\n\t\t\t\t\t\t\t\t<\/div>\n\t\t\t\t<\/div>\n\t\t\t\t<\/div>\n\t\t\t\t\t<\/div>\n\t\t\t\t<\/div>\n\t\t\t\t\t<\/div>\n\t\t\t\t<\/div>\n\t\t\t\t<\/div>\n\t\t","protected":false},"excerpt":{"rendered":"<p>Wenn Sie auf der Suche nach einem Ort zum Investieren sind, bietet die Stadt Gradi\u0161ka den richtigen Standort f\u00fcr die Entwicklung Ihres Unternehmens. Ihr Unternehmen wird im Herzen der Balkanhalbinsel, an der Grenze zur Europ\u00e4ischen Union, positioniert sein, was einen Markt mit \u00fcber 500 Millionen Kunden er\u00f6ffnet. Die Stadt Gradi\u0161ka liegt geografisch an der \u00e4u\u00dfersten [&hellip;]<\/p>\n","protected":false},"author":2,"featured_media":0,"parent":0,"menu_order":0,"comment_status":"closed","ping_status":"closed","template":"","meta":{"footnotes":""},"class_list":["post-1802","page","type-page","status-publish","hentry"],"_links":{"self":[{"href":"https:\/\/www.investingradiska.com\/de\/wp-json\/wp\/v2\/pages\/1802","targetHints":{"allow":["GET"]}}],"collection":[{"href":"https:\/\/www.investingradiska.com\/de\/wp-json\/wp\/v2\/pages"}],"about":[{"href":"https:\/\/www.investingradiska.com\/de\/wp-json\/wp\/v2\/types\/page"}],"author":[{"embeddable":true,"href":"https:\/\/www.investingradiska.com\/de\/wp-json\/wp\/v2\/users\/2"}],"replies":[{"embeddable":true,"href":"https:\/\/www.investingradiska.com\/de\/wp-json\/wp\/v2\/comments?post=1802"}],"version-history":[{"count":3,"href":"https:\/\/www.investingradiska.com\/de\/wp-json\/wp\/v2\/pages\/1802\/revisions"}],"predecessor-version":[{"id":2269,"href":"https:\/\/www.investingradiska.com\/de\/wp-json\/wp\/v2\/pages\/1802\/revisions\/2269"}],"wp:attachment":[{"href":"https:\/\/www.investingradiska.com\/de\/wp-json\/wp\/v2\/media?parent=1802"}],"curies":[{"name":"wp","href":"https:\/\/api.w.org\/{rel}","templated":true}]}}