{"id":1814,"date":"2024-02-13T13:14:31","date_gmt":"2024-02-13T12:14:31","guid":{"rendered":"https:\/\/investingradiska.com\/gesetzliche-regelungen\/"},"modified":"2024-03-26T14:01:56","modified_gmt":"2024-03-26T13:01:56","slug":"gesetzliche-regelungen","status":"publish","type":"page","link":"https:\/\/www.investingradiska.com\/de\/gesetzliche-regelungen\/","title":{"rendered":"Gesetzliche Regelungen"},"content":{"rendered":"\t\t<div data-elementor-type=\"wp-page\" data-elementor-id=\"1814\" class=\"elementor elementor-1814 elementor-395\" data-elementor-post-type=\"page\">\n\t\t\t\t\t\t<section class=\"elementor-section elementor-top-section elementor-element elementor-element-8849b42 elementor-section-height-min-height elementor-section-boxed elementor-section-height-default elementor-section-items-middle\" data-id=\"8849b42\" data-element_type=\"section\" data-e-type=\"section\" data-settings=\"{&quot;background_background&quot;:&quot;classic&quot;}\">\n\t\t\t\t\t\t<div class=\"elementor-container elementor-column-gap-default\">\n\t\t\t\t\t<div class=\"elementor-column elementor-col-100 elementor-top-column elementor-element elementor-element-d181746\" data-id=\"d181746\" data-element_type=\"column\" data-e-type=\"column\">\n\t\t\t<div class=\"elementor-widget-wrap elementor-element-populated\">\n\t\t\t\t\t\t\t<\/div>\n\t\t<\/div>\n\t\t\t\t\t<\/div>\n\t\t<\/section>\n\t\t<div class=\"elementor-element elementor-element-664a82c e-flex e-con-boxed e-con e-parent\" data-id=\"664a82c\" data-element_type=\"container\" data-e-type=\"container\">\n\t\t\t\t\t<div class=\"e-con-inner\">\n\t\t\t\t<div class=\"elementor-element elementor-element-e464d1f elementor-widget elementor-widget-text-editor\" data-id=\"e464d1f\" data-element_type=\"widget\" data-e-type=\"widget\" data-widget_type=\"text-editor.default\">\n\t\t\t\t<div class=\"elementor-widget-container\">\n\t\t\t\t\t\t\t\t\t<p>Das Gesetz \u00fcber fremde Investierungen von Republik Srpska (\u201eAmtsblatt von Republik Srpska\u201c, Nr. 25\/02, 24\/04, 52\/11 i 68\/13) und das Gesetz \u00fcber Politik von fremden direkten Investierungen von Bosnien und Herzegowina (\u201eAmtsblatt von Bosnien und Herzegowina\u201c, Nr. 17\/98, 13\/03, 48\/10) garantieren eine staatliche Behandlung von fremden Investoren, d.h. die fremden Investoren haben gleiche Rechte und Pflichte als die Einwohner in Bosnien und Herzegowina. Das Land und ihre Entit\u00e4te d\u00fcrfen nicht fremde Investoren aus keinem Grund, einschlie\u00dflich, aber nicht begrenzt auf Staatsb\u00fcrgerschaft, Sitz\/Aufenthaltsort der fremden Investoren, Religion oder Herkunftsland der Invesierung diskriminieren.<\/p>\n<p>as Eigentum von fremden Investoren kann man nicht nationalisieren, enteignen oder abnehmen. Trotzdem kann man im Falle der Begr\u00fcndung der \u00f6ffentlichen Interessen das Eigentum der fremden Investoren nationalisieren oder enteignen, in diesem Fall wird fremden Investoren das Recht auf rechtm\u00e4\u00dfige Nachzahlung garantiert.<\/p>\n<p>Das Gesetz \u00fcber Zollpolitik von Bosnien und Herzegowina reguliert haupts\u00e4chliche Elemente des Systems f\u00fcr den Zollschutz der Wirtschaft von Bosnien und Herzegowina, die Rechte und Pflichte von allen Subjekten in Prozeduren, die die Verzollung der Ware und Zollkontrolle von Fahrg\u00e4ste einschlie\u00dfen Fremde Investoren k\u00f6nnen von der Bezahlung der Eingangsgeb\u00fchr f\u00fcr Ware befreit werden, die in Freihandel eingeschaltet werden, was die Investierung von Fremdk\u00f6rper darstellt.<\/p>\n<p>Die Unterschreibung des Abkommens \u00fcber Stabilisierung und Angliederung erm\u00f6glicht den freien Export von fast allen Warentypen in EU, die die Standards erf\u00fcllen, und gleichzeitig \u00f6ffnet sich allm\u00e4hlich der Markt von Bosnien und Herzegowina f\u00fcr die Ware aus EU, im Einklang mit der in Annexen und Protokollen vereinbarten Dynamik, welche ein Teil des Abkommens sind, das den Zugang zum Markt von ca. 450 Millionen Leute erm\u00f6glicht.<\/p>\n<p>Bosnien und Herzegowina hat CEFTA Abkommen mit folgenden L\u00e4ndern unterschrieben: Albanien, Montenegro, Makedonien, Moldawien, Serbien und Kosovo. CEFTA Abkommen ersetzt und erg\u00e4nzt vorhandene Abkommen \u00fcber Freihandel mit bestimmten L\u00e4ndern in der Region. Das erm\u00f6glicht die Transparenz und Spielregel, die man mit EU Standards vergleichen kann, als auch den Zugang zum Markt von ca. 25 Millionen Leute.<\/p>\n<p>Auch hat Bosnien und Herzegowina das Abkommen \u00fcber Freihandel mit T\u00fcrkei unterschrieben, welche den zus\u00e4tzlichen freien Zugang zum Konsummarkt mit 70 Millionen Leute erm\u00f6glicht.<\/p>\n<p>Mehrere Informationen: <a href=\"https:\/\/investsrpska.vladars.net\/\" target=\"_blank\" rel=\"noopener\">investsrpska.vladars.net<\/a><\/p>\n\t\t\t\t\t\t\t\t<\/div>\n\t\t\t\t<\/div>\n\t\t\t\t\t<\/div>\n\t\t\t\t<\/div>\n\t\t\t\t<\/div>\n\t\t","protected":false},"excerpt":{"rendered":"<p>Das Gesetz \u00fcber fremde Investierungen von Republik Srpska (\u201eAmtsblatt von Republik Srpska\u201c, Nr. 25\/02, 24\/04, 52\/11 i 68\/13) und das Gesetz \u00fcber Politik von fremden direkten Investierungen von Bosnien und Herzegowina (\u201eAmtsblatt von Bosnien und Herzegowina\u201c, Nr. 17\/98, 13\/03, 48\/10) garantieren eine staatliche Behandlung von fremden Investoren, d.h. die fremden Investoren haben gleiche Rechte und [&hellip;]<\/p>\n","protected":false},"author":2,"featured_media":0,"parent":0,"menu_order":0,"comment_status":"closed","ping_status":"closed","template":"","meta":{"footnotes":""},"class_list":["post-1814","page","type-page","status-publish","hentry"],"_links":{"self":[{"href":"https:\/\/www.investingradiska.com\/de\/wp-json\/wp\/v2\/pages\/1814","targetHints":{"allow":["GET"]}}],"collection":[{"href":"https:\/\/www.investingradiska.com\/de\/wp-json\/wp\/v2\/pages"}],"about":[{"href":"https:\/\/www.investingradiska.com\/de\/wp-json\/wp\/v2\/types\/page"}],"author":[{"embeddable":true,"href":"https:\/\/www.investingradiska.com\/de\/wp-json\/wp\/v2\/users\/2"}],"replies":[{"embeddable":true,"href":"https:\/\/www.investingradiska.com\/de\/wp-json\/wp\/v2\/comments?post=1814"}],"version-history":[{"count":3,"href":"https:\/\/www.investingradiska.com\/de\/wp-json\/wp\/v2\/pages\/1814\/revisions"}],"predecessor-version":[{"id":2603,"href":"https:\/\/www.investingradiska.com\/de\/wp-json\/wp\/v2\/pages\/1814\/revisions\/2603"}],"wp:attachment":[{"href":"https:\/\/www.investingradiska.com\/de\/wp-json\/wp\/v2\/media?parent=1814"}],"curies":[{"name":"wp","href":"https:\/\/api.w.org\/{rel}","templated":true}]}}