{"id":1818,"date":"2024-02-14T14:39:15","date_gmt":"2024-02-14T13:39:15","guid":{"rendered":"https:\/\/investingradiska.com\/dienstleistungen-und-andere-taetigkeiten\/"},"modified":"2024-03-26T15:21:41","modified_gmt":"2024-03-26T14:21:41","slug":"dienstleistungen-und-andere-taetigkeiten","status":"publish","type":"page","link":"https:\/\/www.investingradiska.com\/de\/dienstleistungen-und-andere-taetigkeiten\/","title":{"rendered":"Dienstleistungen und andere T\u00e4tigkeiten"},"content":{"rendered":"\t\t<div data-elementor-type=\"wp-page\" data-elementor-id=\"1818\" class=\"elementor elementor-1818 elementor-843\" data-elementor-post-type=\"page\">\n\t\t\t\t\t\t<section class=\"elementor-section elementor-top-section elementor-element elementor-element-4c97b8d elementor-section-height-min-height elementor-section-boxed elementor-section-height-default elementor-section-items-middle\" data-id=\"4c97b8d\" data-element_type=\"section\" data-e-type=\"section\" data-settings=\"{&quot;background_background&quot;:&quot;classic&quot;}\">\n\t\t\t\t\t\t<div class=\"elementor-container elementor-column-gap-default\">\n\t\t\t\t\t<div class=\"elementor-column elementor-col-100 elementor-top-column elementor-element elementor-element-7dc6dae\" data-id=\"7dc6dae\" data-element_type=\"column\" data-e-type=\"column\">\n\t\t\t<div class=\"elementor-widget-wrap elementor-element-populated\">\n\t\t\t\t\t\t\t<\/div>\n\t\t<\/div>\n\t\t\t\t\t<\/div>\n\t\t<\/section>\n\t\t<div class=\"elementor-element elementor-element-160af8d e-flex e-con-boxed e-con e-parent\" data-id=\"160af8d\" data-element_type=\"container\" data-e-type=\"container\">\n\t\t\t\t\t<div class=\"e-con-inner\">\n\t\t\t\t<div class=\"elementor-element elementor-element-e5e20ee elementor-widget elementor-widget-text-editor\" data-id=\"e5e20ee\" data-element_type=\"widget\" data-e-type=\"widget\" data-widget_type=\"text-editor.default\">\n\t\t\t\t<div class=\"elementor-widget-container\">\n\t\t\t\t\t\t\t\t\t<p>Aufgrund ihrer hervorragenden geostrategischen Lage ist die Stadt Gradi\u0161ka ein ausgepr\u00e4gter Transitraum, der die Entwicklung der Dienstleistungsbranche, des Handels, des Bauwesens und anderer Dienstleistungsaktivit\u00e4ten beg\u00fcnstigt. Dieser Sektor verf\u00fcgt \u00fcber ein erhebliches Potenzial und macht einen erheblichen Anteil des Gesamteinkommens der Stadt Gradi\u0161ka aus. Es verf\u00fcgt \u00fcber eine solide menschliche Basis sowie eine lange Tradition, die die Entwicklung anderer Aktivit\u00e4ten erm\u00f6glicht. Der Dienstleistungs-, Handels-, Bau- und andere Dienstleistungssektor zeigte beim Wiederaufbau der Produktion nach dem Krieg eine bedeutende Vitalit\u00e4t sowie die Bereitschaft und den Einfallsreichtum der lokalen F\u00fchrungskr\u00e4fte, dass gemeinsamer Erfolg nur durch gemeinsame Initiativen und deren Verkn\u00fcpfung erreicht und verwirklicht werden kann in eine ad\u00e4quate Versorgungs- und Dienstleistungskette f\u00fcr die heimische Wirtschaft integriert werden. Heutzutage ist Gradi\u0161ka ein Ort, an den immer mehr Menschen aus der Europ\u00e4ischen Union kommen, um ihr Geld auszugeben, neue Jobs anzunehmen, Gesch\u00e4ftskontakte zu kn\u00fcpfen und ihre Freizeit zu verbringen, denn die Vorteile von L\u00e4ndern au\u00dferhalb der Europ\u00e4ischen Union bieten die M\u00f6glichkeit des Gewinns und Einsparungen f\u00fcr die B\u00fcrger der Europ\u00e4ischen Union. In Gradi\u0161ka sind Unternehmen mit langer Tradition t\u00e4tig, die mit ihrem Fachwissen und ihren Dienstleistungen den unterschiedlichen Anforderungen in- und ausl\u00e4ndischer Kunden gerecht werden. Gradid In\u017eenjering d.o.o. sticht unter den f\u00fchrenden Unternehmen im Bausektor hervor. und Arting Invest d.o.o., im Bereich Design, Bau und Wartung von Telekommunikationsinfrastruktur ist Koming-Pro d.o.o., Handel mit Bau- und anderen Rohstoffen Dambi komerc d.o.o. und Berza Produkt d.o.o. usw.<\/p>\n\t\t\t\t\t\t\t\t<\/div>\n\t\t\t\t<\/div>\n\t\t\t\t<div class=\"elementor-element elementor-element-128bddc elementor-widget elementor-widget-text-editor\" data-id=\"128bddc\" data-element_type=\"widget\" data-e-type=\"widget\" data-widget_type=\"text-editor.default\">\n\t\t\t\t<div class=\"elementor-widget-container\">\n\t\t\t\t\t\t\t\t\t<p><strong><em>M\u00f6glichkeiten der Investierung:<\/em><\/strong><\/p>\n<ul>\n<li>M\u00f6gliche gemeinsame Partnerschaften f\u00fcr Handel und verschiedene Vertretungen und Verkehr von Fabrikmarken<\/li>\n<li>Gemeinsame Investierungen und die Ausf\u00fchrung von Infrastrukturarbeiten und die Objektaustattung<\/li>\n<li>Dienstleistungen von Gesch\u00e4ftsberatung, Unternehmenser\u00f6ffnung u.a.<\/li>\n<\/ul>\n\t\t\t\t\t\t\t\t<\/div>\n\t\t\t\t<\/div>\n\t\t\t\t\t<\/div>\n\t\t\t\t<\/div>\n\t\t\t\t<\/div>\n\t\t","protected":false},"excerpt":{"rendered":"<p>Aufgrund ihrer hervorragenden geostrategischen Lage ist die Stadt Gradi\u0161ka ein ausgepr\u00e4gter Transitraum, der die Entwicklung der Dienstleistungsbranche, des Handels, des Bauwesens und anderer Dienstleistungsaktivit\u00e4ten beg\u00fcnstigt. Dieser Sektor verf\u00fcgt \u00fcber ein erhebliches Potenzial und macht einen erheblichen Anteil des Gesamteinkommens der Stadt Gradi\u0161ka aus. Es verf\u00fcgt \u00fcber eine solide menschliche Basis sowie eine lange Tradition, die [&hellip;]<\/p>\n","protected":false},"author":1,"featured_media":0,"parent":0,"menu_order":0,"comment_status":"closed","ping_status":"closed","template":"","meta":{"footnotes":""},"class_list":["post-1818","page","type-page","status-publish","hentry"],"_links":{"self":[{"href":"https:\/\/www.investingradiska.com\/de\/wp-json\/wp\/v2\/pages\/1818","targetHints":{"allow":["GET"]}}],"collection":[{"href":"https:\/\/www.investingradiska.com\/de\/wp-json\/wp\/v2\/pages"}],"about":[{"href":"https:\/\/www.investingradiska.com\/de\/wp-json\/wp\/v2\/types\/page"}],"author":[{"embeddable":true,"href":"https:\/\/www.investingradiska.com\/de\/wp-json\/wp\/v2\/users\/1"}],"replies":[{"embeddable":true,"href":"https:\/\/www.investingradiska.com\/de\/wp-json\/wp\/v2\/comments?post=1818"}],"version-history":[{"count":4,"href":"https:\/\/www.investingradiska.com\/de\/wp-json\/wp\/v2\/pages\/1818\/revisions"}],"predecessor-version":[{"id":2625,"href":"https:\/\/www.investingradiska.com\/de\/wp-json\/wp\/v2\/pages\/1818\/revisions\/2625"}],"wp:attachment":[{"href":"https:\/\/www.investingradiska.com\/de\/wp-json\/wp\/v2\/media?parent=1818"}],"curies":[{"name":"wp","href":"https:\/\/api.w.org\/{rel}","templated":true}]}}