{"id":1517,"date":"2024-02-13T14:46:05","date_gmt":"2024-02-13T13:46:05","guid":{"rendered":"https:\/\/investingradiska.com\/metalworking-sector\/"},"modified":"2024-03-25T14:59:00","modified_gmt":"2024-03-25T13:59:00","slug":"metalworking-sector","status":"publish","type":"page","link":"https:\/\/www.investingradiska.com\/en\/metalworking-sector\/","title":{"rendered":"Metalworking sector"},"content":{"rendered":"\t\t<div data-elementor-type=\"wp-page\" data-elementor-id=\"1517\" class=\"elementor elementor-1517 elementor-441\" data-elementor-post-type=\"page\">\n\t\t\t\t\t\t<section class=\"elementor-section elementor-top-section elementor-element elementor-element-80d353a elementor-section-height-min-height elementor-section-boxed elementor-section-height-default elementor-section-items-middle\" data-id=\"80d353a\" data-element_type=\"section\" data-e-type=\"section\" data-settings=\"{&quot;background_background&quot;:&quot;classic&quot;}\">\n\t\t\t\t\t\t<div class=\"elementor-container elementor-column-gap-default\">\n\t\t\t\t\t<div class=\"elementor-column elementor-col-100 elementor-top-column elementor-element elementor-element-a992acf\" data-id=\"a992acf\" data-element_type=\"column\" data-e-type=\"column\">\n\t\t\t<div class=\"elementor-widget-wrap elementor-element-populated\">\n\t\t\t\t\t\t\t<\/div>\n\t\t<\/div>\n\t\t\t\t\t<\/div>\n\t\t<\/section>\n\t\t<div class=\"elementor-element elementor-element-44c61ca e-flex e-con-boxed e-con e-parent\" data-id=\"44c61ca\" data-element_type=\"container\" data-e-type=\"container\">\n\t\t\t\t\t<div class=\"e-con-inner\">\n\t\t\t\t<div class=\"elementor-element elementor-element-461322a elementor-widget elementor-widget-text-editor\" data-id=\"461322a\" data-element_type=\"widget\" data-e-type=\"widget\" data-widget_type=\"text-editor.default\">\n\t\t\t\t<div class=\"elementor-widget-container\">\n\t\t\t\t\t\t\t\t\t<p>The metal processing industry represents a very interesting and attractive investment opportunity. The city of Gradi\u0161ka has a respectable industrial tradition and potential in human resources that is certainly appealing for investment in the metal processing industry. The metal sector in the city of Gradi\u0161ka has a long-standing tradition and strong growth prospects. The metal industry sector is significantly oriented towards exports and strengthening the technological and human competencies of companies. The Technical School Gradi\u0161ka, with over 500 enrolled students, offers education for technicians in mechatronics, robotics, CNC technology, information technology, heating and cooling mechanics, CNC operators, and wood processing technicians CNC, among others. In the three-year curriculum, this school provides education for welders, auto mechanics, metalworkers, installers, carpenters, toolmakers, and milling operators.<\/p>\n<p>The high level of metal technology and processing technology provides local companies with the opportunity to produce practically any metal part according to customer requirements and specifications. Among the leading companies in metal processing, we want to highlight only some of them, such as Metal Inc., PMP Jel\u0161ingrad Inc., TIKT Manufacturing LLC, \u010ceki\u0107 LLC, Solar Mont LLC, Milenkovac LLC, and others.<\/p>\n<p>The activities of these companies are mostly related to the design and production of metal structures and parts, metal positions for CNC machine parts, positions for the automotive industry, wrought iron, stainless steel, and aluminum metalwork, as well as the production of machinery for construction and the processing of stainless steel. Most companies export their products to foreign markets, which makes a significant contribution to foreign trade and demonstrates the competitiveness of the metal sector in Gradi\u0161ka.<\/p>\n\t\t\t\t\t\t\t\t<\/div>\n\t\t\t\t<\/div>\n\t\t\t\t<div class=\"elementor-element elementor-element-9a41aef elementor-widget elementor-widget-text-editor\" data-id=\"9a41aef\" data-element_type=\"widget\" data-e-type=\"widget\" data-widget_type=\"text-editor.default\">\n\t\t\t\t<div class=\"elementor-widget-container\">\n\t\t\t\t\t\t\t\t\t<strong><em>Investment possibilities:<\/em><\/strong>\r\n<ul>\r\n \t<li>Possible collective investments and partnerships with the local metalworking firms<\/li>\r\n \t<li>Establishment and initiating of the new metalworking companies in the framework of the existing investment zones<\/li>\r\n \t<li>Investment into the adapted brownfield sites<\/li>\r\n<\/ul>\t\t\t\t\t\t\t\t<\/div>\n\t\t\t\t<\/div>\n\t\t\t\t\t<\/div>\n\t\t\t\t<\/div>\n\t\t<div class=\"elementor-element elementor-element-a25189d e-flex e-con-boxed e-con e-parent\" data-id=\"a25189d\" data-element_type=\"container\" data-e-type=\"container\">\n\t\t\t\t\t<div class=\"e-con-inner\">\n\t\t\t\t<div class=\"elementor-element elementor-element-2cb42f5 elementor-widget elementor-widget-heading\" data-id=\"2cb42f5\" data-element_type=\"widget\" data-e-type=\"widget\" data-widget_type=\"heading.default\">\n\t\t\t\t<div class=\"elementor-widget-container\">\n\t\t\t\t\t<h2 class=\"elementor-heading-title elementor-size-default\">Metalworking companies<\/h2>\t\t\t\t<\/div>\n\t\t\t\t<\/div>\n\t\t\t\t<div class=\"elementor-element elementor-element-5b27dd2 elementor-arrows-position-inside elementor-pagination-position-outside elementor-widget elementor-widget-image-carousel\" data-id=\"5b27dd2\" data-element_type=\"widget\" data-e-type=\"widget\" data-settings=\"{&quot;slides_to_show&quot;:&quot;4&quot;,&quot;slides_to_scroll&quot;:&quot;1&quot;,&quot;navigation&quot;:&quot;both&quot;,&quot;autoplay&quot;:&quot;yes&quot;,&quot;pause_on_hover&quot;:&quot;yes&quot;,&quot;pause_on_interaction&quot;:&quot;yes&quot;,&quot;autoplay_speed&quot;:5000,&quot;infinite&quot;:&quot;yes&quot;,&quot;speed&quot;:500}\" data-widget_type=\"image-carousel.default\">\n\t\t\t\t<div class=\"elementor-widget-container\">\n\t\t\t\t\t\t\t<div class=\"elementor-image-carousel-wrapper swiper\" role=\"region\" aria-roledescription=\"carousel\" aria-label=\"Image Carousel\" dir=\"ltr\">\n\t\t\t<div class=\"elementor-image-carousel swiper-wrapper\" aria-live=\"off\">\n\t\t\t\t\t\t\t\t<div class=\"swiper-slide\" role=\"group\" aria-roledescription=\"slide\" aria-label=\"1 of 9\"><figure class=\"swiper-slide-inner\"><img decoding=\"async\" class=\"swiper-slide-image\" src=\"https:\/\/www.investingradiska.com\/wp-content\/uploads\/2024\/02\/tikt.jpg\" alt=\"tikt\" \/><\/figure><\/div><div class=\"swiper-slide\" role=\"group\" aria-roledescription=\"slide\" aria-label=\"2 of 9\"><figure class=\"swiper-slide-inner\"><img decoding=\"async\" class=\"swiper-slide-image\" src=\"https:\/\/www.investingradiska.com\/wp-content\/uploads\/2024\/02\/mehanizmi-1.jpg\" alt=\"mehanizmi\" \/><\/figure><\/div><div class=\"swiper-slide\" role=\"group\" aria-roledescription=\"slide\" aria-label=\"3 of 9\"><figure class=\"swiper-slide-inner\"><img decoding=\"async\" class=\"swiper-slide-image\" src=\"https:\/\/www.investingradiska.com\/wp-content\/uploads\/2024\/02\/cekic.jpg\" alt=\"c\u030cekic\u0301\" \/><\/figure><\/div><div class=\"swiper-slide\" role=\"group\" aria-roledescription=\"slide\" aria-label=\"4 of 9\"><figure class=\"swiper-slide-inner\"><img decoding=\"async\" class=\"swiper-slide-image\" src=\"https:\/\/www.investingradiska.com\/wp-content\/uploads\/2024\/02\/sekundarac.jpg\" alt=\"sekundarac\" \/><\/figure><\/div><div class=\"swiper-slide\" role=\"group\" aria-roledescription=\"slide\" aria-label=\"5 of 9\"><figure class=\"swiper-slide-inner\"><img decoding=\"async\" class=\"swiper-slide-image\" src=\"https:\/\/www.investingradiska.com\/wp-content\/uploads\/2024\/02\/pmp.jpg\" alt=\"pmp\" \/><\/figure><\/div><div class=\"swiper-slide\" role=\"group\" aria-roledescription=\"slide\" aria-label=\"6 of 9\"><figure class=\"swiper-slide-inner\"><img decoding=\"async\" class=\"swiper-slide-image\" src=\"https:\/\/www.investingradiska.com\/wp-content\/uploads\/2024\/02\/tesic.jpg\" alt=\"tesic\" \/><\/figure><\/div><div class=\"swiper-slide\" role=\"group\" aria-roledescription=\"slide\" aria-label=\"7 of 9\"><figure class=\"swiper-slide-inner\"><img decoding=\"async\" class=\"swiper-slide-image\" src=\"https:\/\/www.investingradiska.com\/wp-content\/uploads\/2024\/02\/metal-1.jpg\" alt=\"metal-1\" \/><\/figure><\/div><div class=\"swiper-slide\" role=\"group\" aria-roledescription=\"slide\" aria-label=\"8 of 9\"><figure class=\"swiper-slide-inner\"><img decoding=\"async\" class=\"swiper-slide-image\" src=\"https:\/\/www.investingradiska.com\/wp-content\/uploads\/2024\/02\/dragan.jpg\" alt=\"dragan\" \/><\/figure><\/div><div class=\"swiper-slide\" role=\"group\" aria-roledescription=\"slide\" aria-label=\"9 of 9\"><figure class=\"swiper-slide-inner\"><img decoding=\"async\" class=\"swiper-slide-image\" src=\"https:\/\/www.investingradiska.com\/wp-content\/uploads\/2024\/02\/ewes.jpg\" alt=\"ewes\" \/><\/figure><\/div>\t\t\t<\/div>\n\t\t\t\t\t\t\t\t\t\t\t\t<div class=\"elementor-swiper-button elementor-swiper-button-prev\" role=\"button\" tabindex=\"0\">\n\t\t\t\t\t\t<svg aria-hidden=\"true\" class=\"e-font-icon-svg e-eicon-chevron-left\" viewBox=\"0 0 1000 1000\" xmlns=\"http:\/\/www.w3.org\/2000\/svg\"><path d=\"M646 125C629 125 613 133 604 142L308 442C296 454 292 471 292 487 292 504 296 521 308 533L604 854C617 867 629 875 646 875 663 875 679 871 692 858 704 846 713 829 713 812 713 796 708 779 692 767L438 487 692 225C700 217 708 204 708 187 708 171 704 154 692 142 675 129 663 125 646 125Z\"><\/path><\/svg>\t\t\t\t\t<\/div>\n\t\t\t\t\t<div class=\"elementor-swiper-button elementor-swiper-button-next\" role=\"button\" tabindex=\"0\">\n\t\t\t\t\t\t<svg aria-hidden=\"true\" class=\"e-font-icon-svg e-eicon-chevron-right\" viewBox=\"0 0 1000 1000\" xmlns=\"http:\/\/www.w3.org\/2000\/svg\"><path d=\"M696 533C708 521 713 504 713 487 713 471 708 454 696 446L400 146C388 133 375 125 354 125 338 125 325 129 313 142 300 154 292 171 292 187 292 204 296 221 308 233L563 492 304 771C292 783 288 800 288 817 288 833 296 850 308 863 321 871 338 875 354 875 371 875 388 867 400 854L696 533Z\"><\/path><\/svg>\t\t\t\t\t<\/div>\n\t\t\t\t\n\t\t\t\t\t\t\t\t\t<div class=\"swiper-pagination\"><\/div>\n\t\t\t\t\t\t\t\t\t<\/div>\n\t\t\t\t\t\t<\/div>\n\t\t\t\t<\/div>\n\t\t\t\t\t<\/div>\n\t\t\t\t<\/div>\n\t\t\t\t<\/div>\n\t\t","protected":false},"excerpt":{"rendered":"<p>The metal processing industry represents a very interesting and attractive investment opportunity. The city of Gradi\u0161ka has a respectable industrial tradition and potential in human resources that is certainly appealing for investment in the metal processing industry. The metal sector in the city of Gradi\u0161ka has a long-standing tradition and strong growth prospects. The metal [&hellip;]<\/p>\n","protected":false},"author":1,"featured_media":0,"parent":0,"menu_order":0,"comment_status":"closed","ping_status":"closed","template":"","meta":{"footnotes":""},"class_list":["post-1517","page","type-page","status-publish","hentry"],"_links":{"self":[{"href":"https:\/\/www.investingradiska.com\/en\/wp-json\/wp\/v2\/pages\/1517","targetHints":{"allow":["GET"]}}],"collection":[{"href":"https:\/\/www.investingradiska.com\/en\/wp-json\/wp\/v2\/pages"}],"about":[{"href":"https:\/\/www.investingradiska.com\/en\/wp-json\/wp\/v2\/types\/page"}],"author":[{"embeddable":true,"href":"https:\/\/www.investingradiska.com\/en\/wp-json\/wp\/v2\/users\/1"}],"replies":[{"embeddable":true,"href":"https:\/\/www.investingradiska.com\/en\/wp-json\/wp\/v2\/comments?post=1517"}],"version-history":[{"count":9,"href":"https:\/\/www.investingradiska.com\/en\/wp-json\/wp\/v2\/pages\/1517\/revisions"}],"predecessor-version":[{"id":2568,"href":"https:\/\/www.investingradiska.com\/en\/wp-json\/wp\/v2\/pages\/1517\/revisions\/2568"}],"wp:attachment":[{"href":"https:\/\/www.investingradiska.com\/en\/wp-json\/wp\/v2\/media?parent=1517"}],"curies":[{"name":"wp","href":"https:\/\/api.w.org\/{rel}","templated":true}]}}